{"id":36710,"date":"2021-11-29T13:55:14","date_gmt":"2021-11-29T12:55:14","guid":{"rendered":"https:\/\/sparkoh.be\/?page_id=36710"},"modified":"2025-02-03T09:58:48","modified_gmt":"2025-02-03T08:58:48","slug":"speelruimtes","status":"publish","type":"page","link":"https:\/\/sparkoh.be\/nl\/speelruimtes\/","title":{"rendered":"Speelruimtes"},"content":{"rendered":"\t\t\t<div  class=\" wp-block-grimlock-section grimlock-section--btn-secondary grimlock-section--een-laatste-oh alignfull region grimlock-region grimlock-region--mt-0 grimlock-region--mb-0 grimlock-region--pt-4 grimlock-region--pb-4 grimlock-region--6-6-cols-left-boxed-reverse region--6-6-cols-left-boxed-reverse grimlock-region--container-classic region--container-classic grimlock-section section\" style=\"--grimlock-section-content-background-color:#230069;background-image:url(https:\/\/sparkoh.be\/wp-content\/uploads\/2021\/05\/chimie-des-emotions-installations-1920x450.jpg);background-repeat:no-repeat;background-position:center;background-size:cover;-webkit-background-size:cover;background-attachment:scroll;border-top-color:#eceeef;border-top-style:solid;border-top-width:0;border-bottom-color:#eceeef;border-bottom-style:solid;border-bottom-width:0;z-index:0;color:rgb(255, 255, 255);\"  >\n\t\t\t<div class=\"region__inner\" style=\"padding-top:4%;padding-bottom:4%;background-color:rgba(255, 0, 102, 0.88);\">\n\t\t\t\t<div class=\"region__container\">\n\t\t\t\t\t<div class=\"region__row\">\n\t\t\t\t\t\t<div class=\"region__col region__col--1 \" >\n\t\t\t\t\t\t\t<div class=\"grimlock-reveal-element grimlock-reveal-element--thumbnail\" >\n\t\t\t\t\t\t\t\t            <div class=\"grimlock-section__thumbnail section__thumbnail\">\n                <img decoding=\"async\" class=\"grimlock-section__thumbnail-img section__thumbnail-img img-fluid\" src=\"https:\/\/sparkoh.be\/wp-content\/uploads\/2021\/11\/experience-ra-monsieur-machine.jpeg\" alt=\"Exp\u00e9rience en r\u00e9alit\u00e9 augment\u00e9e_Energie plasma\" \/>\n\t            <div class=\"grimlock-section__thumbnail-shadow section__thumbnail-shadow\"  ><\/div>\n            <\/div><!-- .section__thumbnail -->\n\t\t\t\t\t\t\t\t\t\t<\/div>\n\t\t\t\t\t\t<\/div><!-- .region__col -->\n\t\t\t\t\t\t<div class=\"region__col region__col--2\" >\n\t\t\t\t\t\t\t<div class=\"grimlock-reveal-element grimlock-reveal-element--content\" >\n\t\t\t\t\t\t\t\t        <div class=\"grimlock-section__header section__header\" >\n\t        \n            <h2 class=\"grimlock-section__title section__title grimlock-display-3 display-3\" style=\"color:rgb(255, 255, 255);\">\n\t\t\t\tEen laatste OH!            <\/h2>\n\t\t\t\t\t\t\t<h3 class=\"grimlock-section__subtitle section__subtitle grimlock-lead lead\" style=\"color:rgb(255, 255, 255);\">\n\t\t\t\t\tEen interactieve augmented reality ervaring\t\t\t\t<\/h3>\n\t\t\t\n\t        \n\t\t\t\t\t\t\t\t\t\t\n        <\/div><!-- .section__header -->\n\t\t        <div class=\"grimlock-section__content section__content\"  >\n\t\t\t\t\t\t<div class=\"grimlock-section__text section__text\">\n\t\t\t\t<p>Op de loopbrug kan je 8 interactieve sc\u00e8nes (ge\u00efnspireerd op onze tentoonstellingen) die tot leven komen dankzij augmented reality ontdekken!<\/p>\n<p>Scan je lichaam, dans in de regenboogtunnel en schuil voor een storm! Poseer, leg je leukste momenten vast en slaak een laatste kreet van verbazing (OH!) voordat je SPARKOH! verlaat!<\/p>\n\t\t\t<\/div>\n\t\t        <\/div><!-- .section__content -->\n\t\t\t\t<div class=\"grimlock-section__footer section__footer\">\n\t\t\t\n            <a href=\"https:\/\/sparkoh.be\/nl\/een-laaste-oh-een-augmented-reality-ervaring\/\" class=\"grimlock-section__btn grimlock-section__btn--1 section__btn btn grimlock-btn-secondary btn-secondary\" >\n\t            Een laatste OH!            <\/a>\n\t\t\t\t\t<\/div><!-- .section__footer -->\n\t\t\t\t\t\t\t\t\t<\/div>\n\t\t\t\t\t\t<\/div><!-- .region__col -->\n\t\t\t\t\t<\/div><!-- .region__row -->\n\t\t\t\t<\/div><!-- .region__container -->\n\n\t\t\t\t\t\t\t\t\t\t\t\t\t\t<div class=\"section__header-shadow\" ><\/div>\n\t\t\t\t\t\t\t\t\t\n\t\t\t<\/div><!-- .region__inner -->\n\t\t\t<\/div><!-- .grimlock-section -->\n\t\t\n\n\t\t\t<div  class=\" wp-block-grimlock-section grimlock-section--btn-primary-inverse grimlock-section--speelplein alignfull region grimlock-region grimlock-region--mt-0 grimlock-region--mb-0 grimlock-region--pt-4 grimlock-region--pb-4 grimlock-region--6-6-cols-left-boxed region--6-6-cols-left-boxed grimlock-region--container-classic region--container-classic grimlock-section section\" style=\"--grimlock-section-content-background-color:#7346f0;border-top-color:#eceeef;border-top-style:solid;border-top-width:0;border-bottom-color:#eceeef;border-bottom-style:solid;border-bottom-width:0;z-index:0;color:rgb(255, 255, 255);\"  >\n\t\t\t<div class=\"region__inner\" style=\"padding-top:4%;padding-bottom:4%;\">\n\t\t\t\t<div class=\"region__container\">\n\t\t\t\t\t<div class=\"region__row\">\n\t\t\t\t\t\t<div class=\"region__col region__col--1 \" >\n\t\t\t\t\t\t\t<div class=\"grimlock-reveal-element grimlock-reveal-element--thumbnail\" >\n\t\t\t\t\t\t\t\t            <div class=\"grimlock-section__thumbnail section__thumbnail\">\n                <img decoding=\"async\" class=\"grimlock-section__thumbnail-img section__thumbnail-img img-fluid\" src=\"https:\/\/sparkoh.be\/wp-content\/uploads\/2021\/11\/inauguration-sparkoh-plaine-jeux.jpg\" alt=\"Plaine de jeux ext\u00e9rieure balan\u00e7oires\" \/>\n\t            <div class=\"grimlock-section__thumbnail-shadow section__thumbnail-shadow\"  ><\/div>\n            <\/div><!-- .section__thumbnail -->\n\t\t\t\t\t\t\t\t\t\t<\/div>\n\t\t\t\t\t\t<\/div><!-- .region__col -->\n\t\t\t\t\t\t<div class=\"region__col region__col--2\" >\n\t\t\t\t\t\t\t<div class=\"grimlock-reveal-element grimlock-reveal-element--content\" >\n\t\t\t\t\t\t\t\t        <div class=\"grimlock-section__header section__header\" >\n\t        \n            <h2 class=\"grimlock-section__title section__title grimlock-display-3 display-3\" style=\"color:rgb(255, 255, 255);\">\n\t\t\t\tSpeelplein            <\/h2>\n\t\t\t\t\t\t\t<h3 class=\"grimlock-section__subtitle section__subtitle grimlock-lead lead\" style=\"color:rgb(255, 255, 255);\">\n\t\t\t\t\tSpeelplein in open lucht \t\t\t\t<\/h3>\n\t\t\t\n\t        \n\t\t\t\t\t\t\t\t\t\t\n        <\/div><!-- .section__header -->\n\t\t        <div class=\"grimlock-section__content section__content\"  >\n\t\t\t\t\t\t<div class=\"grimlock-section__text section__text\">\n\t\t\t\t<p>Ziplines, tollen, schommels, trampolines&#8230; een speeltuin voor jong en oud om van de buitenlucht te genieten en je te amuseren!<br \/>\nHet hele jaar door toegankelijk.<br \/>\nJe hebt een toegangsticket voor SPARKOH! nodig om toegang te krijgen tot de speeltuin.<\/p>\n<p>Accessible toute l&#8217;ann\u00e9e.<br \/>\nPour acc\u00e9der \u00e0 la plaine de jeux, il est obligatoire de s\u2019acquitter du droit d\u2019entr\u00e9e au SPARKOH!<\/p>\n\t\t\t<\/div>\n\t\t        <\/div><!-- .section__content -->\n\t\t\t\t<div class=\"grimlock-section__footer section__footer\">\n\t\t\t\n            <a href=\"https:\/\/sparkoh.be\/nl\/speelterrein\/\" class=\"grimlock-section__btn grimlock-section__btn--1 section__btn btn grimlock-btn-primary-inverse btn-primary-inverse\" >\n\t            Speelplein            <\/a>\n\t\t\t\t\t<\/div><!-- .section__footer -->\n\t\t\t\t\t\t\t\t\t<\/div>\n\t\t\t\t\t\t<\/div><!-- .region__col -->\n\t\t\t\t\t<\/div><!-- .region__row -->\n\t\t\t\t<\/div><!-- .region__container -->\n\n\t\t\t\t\t\t\t\t\t\t\t\t\t\n\t\t\t<\/div><!-- .region__inner -->\n\t\t\t<\/div><!-- .grimlock-section -->\n\t\t\n\n\t\t\t<div  class=\" wp-block-grimlock-section grimlock-section--btn-primary-inverse grimlock-section--acrobat alignfull region grimlock-region grimlock-region--mt-0 grimlock-region--mb-0 grimlock-region--pt-4 grimlock-region--pb-4 grimlock-region--6-6-cols-left-boxed-reverse region--6-6-cols-left-boxed-reverse grimlock-region--container-classic region--container-classic grimlock-section section\" style=\"--grimlock-section-content-background-color:#230069;background-image:url(https:\/\/sparkoh.be\/wp-content\/uploads\/2018\/04\/acro-accueil2-1820x450.jpg);background-repeat:no-repeat;background-position:center;background-size:cover;-webkit-background-size:cover;background-attachment:scroll;border-top-color:#eceeef;border-top-style:solid;border-top-width:0;border-bottom-color:#eceeef;border-bottom-style:solid;border-bottom-width:0;z-index:0;color:rgb(255, 255, 255);\"  >\n\t\t\t<div class=\"region__inner\" style=\"padding-top:4%;padding-bottom:4%;background-color:rgba(255, 0, 129, 0.77);\">\n\t\t\t\t<div class=\"region__container\">\n\t\t\t\t\t<div class=\"region__row\">\n\t\t\t\t\t\t<div class=\"region__col region__col--1 \" >\n\t\t\t\t\t\t\t<div class=\"grimlock-reveal-element grimlock-reveal-element--thumbnail\" >\n\t\t\t\t\t\t\t\t            <div class=\"grimlock-section__thumbnail section__thumbnail\">\n                <img decoding=\"async\" class=\"grimlock-section__thumbnail-img section__thumbnail-img img-fluid\" src=\"https:\/\/sparkoh.be\/wp-content\/uploads\/2018\/04\/ecran-daccueil.jpg\" alt=\"Acro&#039;bat accueil\" \/>\n\t            <div class=\"grimlock-section__thumbnail-shadow section__thumbnail-shadow\"  ><\/div>\n            <\/div><!-- .section__thumbnail -->\n\t\t\t\t\t\t\t\t\t\t<\/div>\n\t\t\t\t\t\t<\/div><!-- .region__col -->\n\t\t\t\t\t\t<div class=\"region__col region__col--2\" >\n\t\t\t\t\t\t\t<div class=\"grimlock-reveal-element grimlock-reveal-element--content\" >\n\t\t\t\t\t\t\t\t        <div class=\"grimlock-section__header section__header\" >\n\t        \n            <h2 class=\"grimlock-section__title section__title grimlock-display-3 display-3\" style=\"color:rgb(255, 255, 255);\">\n\t\t\t\tAcro&#8217;b\u00e2t!            <\/h2>\n\t\t\t\n\t        \n\t\t\t\t\t\t\t\t\t\t\n        <\/div><!-- .section__header -->\n\t\t        <div class=\"grimlock-section__content section__content\"  >\n\t\t\t\t\t\t<div class=\"grimlock-section__text section__text\">\n\t\t\t\t<p>Zin om te bewegen?<br \/>\nFysiek bezig zijn is ook wetenschap!<\/p>\n<p>Verplaats je door de Pass&#8217;\u00e2ge van de avonturiers op een originele manier via het Acro&#8217;b\u00e2t parcours: een overdekt acrobatisch parcours dat tentoonstellingen over 3 niveaus met elkaar verbindt. Waag je aan de apenbruggen, glijbanen, klimmuur en schommels. <\/p>\n<p>Het hele jaar door toegankelijk.<\/p>\n\t\t\t<\/div>\n\t\t        <\/div><!-- .section__content -->\n\t\t\t\t<div class=\"grimlock-section__footer section__footer\">\n\t\t\t\n            <a href=\"https:\/\/sparkoh.be\/nl\/exposition\/acrobat\/\" class=\"grimlock-section__btn grimlock-section__btn--1 section__btn btn grimlock-btn-primary-inverse btn-primary-inverse\" >\n\t            Acro&#8217;b\u00e2t!            <\/a>\n\t\t\t\t\t<\/div><!-- .section__footer -->\n\t\t\t\t\t\t\t\t\t<\/div>\n\t\t\t\t\t\t<\/div><!-- .region__col -->\n\t\t\t\t\t<\/div><!-- .region__row -->\n\t\t\t\t<\/div><!-- .region__container -->\n\n\t\t\t\t\t\t\t\t\t\t\t\t\t\t<div class=\"section__header-shadow\" ><\/div>\n\t\t\t\t\t\t\t\t\t\n\t\t\t<\/div><!-- .region__inner -->\n\t\t\t<\/div><!-- .grimlock-section -->\n\t\t\n\n\t\t\t<div  class=\" wp-block-grimlock-section grimlock-section--btn-primary-inverse grimlock-section--de-backstage-van-mijn-bord alignfull region grimlock-region grimlock-region--mt-0 grimlock-region--mb-0 grimlock-region--pt-4 grimlock-region--pb-4 grimlock-region--6-6-cols-left-boxed region--6-6-cols-left-boxed grimlock-region--container-classic region--container-classic grimlock-section section\" style=\"--grimlock-section-content-background-color:#7346f0;border-top-color:#eceeef;border-top-style:solid;border-top-width:0;border-bottom-color:#eceeef;border-bottom-style:solid;border-bottom-width:0;z-index:0;color:rgb(255, 255, 255);\"  >\n\t\t\t<div class=\"region__inner\" style=\"padding-top:4%;padding-bottom:4%;\">\n\t\t\t\t<div class=\"region__container\">\n\t\t\t\t\t<div class=\"region__row\">\n\t\t\t\t\t\t<div class=\"region__col region__col--1 \" >\n\t\t\t\t\t\t\t<div class=\"grimlock-reveal-element grimlock-reveal-element--thumbnail\" >\n\t\t\t\t\t\t\t\t            <div class=\"grimlock-section__thumbnail section__thumbnail\">\n                <img decoding=\"async\" class=\"grimlock-section__thumbnail-img section__thumbnail-img img-fluid\" src=\"https:\/\/sparkoh.be\/wp-content\/uploads\/2025\/02\/coulisse-de-mon-assiette.jpg\" alt=\"Smartphone et exp\u00e9rience r\u00e9alit\u00e9 augment\u00e9e SPARKOH!\" \/>\n\t            <div class=\"grimlock-section__thumbnail-shadow section__thumbnail-shadow\"  ><\/div>\n            <\/div><!-- .section__thumbnail -->\n\t\t\t\t\t\t\t\t\t\t<\/div>\n\t\t\t\t\t\t<\/div><!-- .region__col -->\n\t\t\t\t\t\t<div class=\"region__col region__col--2\" >\n\t\t\t\t\t\t\t<div class=\"grimlock-reveal-element grimlock-reveal-element--content\" >\n\t\t\t\t\t\t\t\t        <div class=\"grimlock-section__header section__header\" >\n\t        \n            <h2 class=\"grimlock-section__title section__title grimlock-display-3 display-3\" style=\"color:rgb(255, 255, 255);\">\n\t\t\t\tDe backstage van mijn bord            <\/h2>\n\t\t\t\t\t\t\t<h3 class=\"grimlock-section__subtitle section__subtitle grimlock-lead lead\" style=\"color:rgb(255, 255, 255);\">\n\t\t\t\t\tEen augmented reality onderzoeksspel\t\t\t\t<\/h3>\n\t\t\t\n\t        \n\t\t\t\t\t\t\t\t\t\t\n        <\/div><!-- .section__header -->\n\t\t        <div class=\"grimlock-section__content section__content\"  >\n\t\t\t\t\t\t<div class=\"grimlock-section__text section__text\">\n\t\t\t\t<p>Alarm! Er heeft zich een incident voorgedaan in een van onze voedingsmiddelenfabrieken! Als medewerker bent u onze laatste hoop! Trek uw witte jas en detectivepet aan en ga op onderzoek uit met behulp van augmented reality.<\/p>\n<p>Verken de productielijnen, ondervraag virtuele medewerkers, los verschillende uitdagingen op en ontdek de backstage van de productie van vier voedingsmiddelen: wafels, appelsap, kaas en brood, evenals een verkenning van de beroepen in de sector.<\/p>\n<p>Vind deze installatie <b>op de muur van de OH!Resto!<\/b><\/p>\n\t\t\t<\/div>\n\t\t        <\/div><!-- .section__content -->\n\t\t\t\t<div class=\"grimlock-section__footer section__footer\">\n\t\t\t\t\t<\/div><!-- .section__footer -->\n\t\t\t\t\t\t\t\t\t<\/div>\n\t\t\t\t\t\t<\/div><!-- .region__col -->\n\t\t\t\t\t<\/div><!-- .region__row -->\n\t\t\t\t<\/div><!-- .region__container -->\n\n\t\t\t\t\t\t\t\t\t\t\t\t\t\n\t\t\t<\/div><!-- .region__inner -->\n\t\t\t<\/div><!-- .grimlock-section -->\n\t\t","protected":false},"excerpt":{"rendered":"","protected":false},"author":3,"featured_media":35966,"parent":0,"menu_order":0,"comment_status":"closed","ping_status":"closed","template":"template-full-width-narrower.php","meta":{"_acf_changed":false,"_monsterinsights_skip_tracking":false,"_monsterinsights_sitenote_active":false,"_monsterinsights_sitenote_note":"","_monsterinsights_sitenote_category":0,"footnotes":""},"class_list":["post-36710","page","type-page","status-publish","has-post-thumbnail","hentry"],"acf":[],"yoast_head":"<!-- This site is optimized with the Yoast SEO Premium plugin v25.0 (Yoast SEO v25.0) - https:\/\/yoast.com\/wordpress\/plugins\/seo\/ -->\n<title>Speelruimtes &#8226; SPARKOH!<\/title>\n<meta name=\"description\" content=\"Er zijn verschillende mogelijkheden om plezier te beleven aan wetenschap in de speelruimtes : speelplein, interactieve augmented reality ervaring...\" \/>\n<meta name=\"robots\" content=\"index, follow, max-snippet:-1, max-image-preview:large, max-video-preview:-1\" \/>\n<link rel=\"canonical\" href=\"https:\/\/sparkoh.be\/nl\/speelruimtes\/\" \/>\n<meta property=\"og:locale\" content=\"nl_NL\" \/>\n<meta property=\"og:type\" content=\"article\" \/>\n<meta property=\"og:title\" content=\"Speelruimtes\" \/>\n<meta property=\"og:description\" content=\"Er zijn verschillende mogelijkheden om plezier te beleven aan wetenschap in de speelruimtes : speelplein, interactieve augmented reality ervaring...\" \/>\n<meta property=\"og:url\" content=\"https:\/\/sparkoh.be\/nl\/speelruimtes\/\" \/>\n<meta property=\"og:site_name\" content=\"SPARKOH!\" \/>\n<meta property=\"article:publisher\" content=\"https:\/\/www.facebook.com\/SparkohBE\" \/>\n<meta property=\"article:modified_time\" content=\"2025-02-03T08:58:48+00:00\" \/>\n<meta property=\"og:image\" content=\"https:\/\/sparkoh.be\/wp-content\/uploads\/2021\/11\/photo-tunnel-arc-en-ciel-enfant-e1638187646671.jpeg\" \/>\n\t<meta property=\"og:image:width\" content=\"1920\" \/>\n\t<meta property=\"og:image:height\" content=\"1280\" \/>\n\t<meta property=\"og:image:type\" content=\"image\/jpeg\" \/>\n<meta name=\"twitter:card\" content=\"summary_large_image\" \/>\n<meta name=\"twitter:site\" content=\"@Sparkoh_be\" \/>\n<meta name=\"twitter:label1\" content=\"Geschatte leestijd\" \/>\n\t<meta name=\"twitter:data1\" content=\"1 minuut\" \/>\n<script type=\"application\/ld+json\" class=\"yoast-schema-graph\">{\"@context\":\"https:\/\/schema.org\",\"@graph\":[{\"@type\":\"WebPage\",\"@id\":\"https:\/\/sparkoh.be\/nl\/speelruimtes\/\",\"url\":\"https:\/\/sparkoh.be\/nl\/speelruimtes\/\",\"name\":\"Speelruimtes &#8226; SPARKOH!\",\"isPartOf\":{\"@id\":\"https:\/\/sparkoh.be\/nl\/#website\"},\"primaryImageOfPage\":{\"@id\":\"https:\/\/sparkoh.be\/nl\/speelruimtes\/#primaryimage\"},\"image\":{\"@id\":\"https:\/\/sparkoh.be\/nl\/speelruimtes\/#primaryimage\"},\"thumbnailUrl\":\"https:\/\/sparkoh.be\/wp-content\/uploads\/2021\/11\/photo-tunnel-arc-en-ciel-enfant-e1638187646671.jpeg\",\"datePublished\":\"2021-11-29T12:55:14+00:00\",\"dateModified\":\"2025-02-03T08:58:48+00:00\",\"description\":\"Er zijn verschillende mogelijkheden om plezier te beleven aan wetenschap in de speelruimtes : speelplein, interactieve augmented reality ervaring...\",\"breadcrumb\":{\"@id\":\"https:\/\/sparkoh.be\/nl\/speelruimtes\/#breadcrumb\"},\"inLanguage\":\"nl-NL\",\"potentialAction\":[{\"@type\":\"ReadAction\",\"target\":[\"https:\/\/sparkoh.be\/nl\/speelruimtes\/\"]}]},{\"@type\":\"ImageObject\",\"inLanguage\":\"nl-NL\",\"@id\":\"https:\/\/sparkoh.be\/nl\/speelruimtes\/#primaryimage\",\"url\":\"https:\/\/sparkoh.be\/wp-content\/uploads\/2021\/11\/photo-tunnel-arc-en-ciel-enfant-e1638187646671.jpeg\",\"contentUrl\":\"https:\/\/sparkoh.be\/wp-content\/uploads\/2021\/11\/photo-tunnel-arc-en-ciel-enfant-e1638187646671.jpeg\",\"width\":1920,\"height\":1280,\"caption\":\"Photo du tunnel arc-en-ciel avec enfant\"},{\"@type\":\"BreadcrumbList\",\"@id\":\"https:\/\/sparkoh.be\/nl\/speelruimtes\/#breadcrumb\",\"itemListElement\":[{\"@type\":\"ListItem\",\"position\":1,\"name\":\"Home\",\"item\":\"https:\/\/sparkoh.be\/nl\/\"},{\"@type\":\"ListItem\",\"position\":2,\"name\":\"Speelruimtes\"}]},{\"@type\":\"WebSite\",\"@id\":\"https:\/\/sparkoh.be\/nl\/#website\",\"url\":\"https:\/\/sparkoh.be\/nl\/\",\"name\":\"SPARKOH!\",\"description\":\"Vivez des &eacute;motions scientifiquement prouv&eacute;es\",\"publisher\":{\"@id\":\"https:\/\/sparkoh.be\/nl\/#organization\"},\"potentialAction\":[{\"@type\":\"SearchAction\",\"target\":{\"@type\":\"EntryPoint\",\"urlTemplate\":\"https:\/\/sparkoh.be\/nl\/?s={search_term_string}\"},\"query-input\":{\"@type\":\"PropertyValueSpecification\",\"valueRequired\":true,\"valueName\":\"search_term_string\"}}],\"inLanguage\":\"nl-NL\"},{\"@type\":\"Organization\",\"@id\":\"https:\/\/sparkoh.be\/nl\/#organization\",\"name\":\"SPARKOH!\",\"url\":\"https:\/\/sparkoh.be\/nl\/\",\"logo\":{\"@type\":\"ImageObject\",\"inLanguage\":\"nl-NL\",\"@id\":\"https:\/\/sparkoh.be\/nl\/#\/schema\/logo\/image\/\",\"url\":\"https:\/\/sparkoh.be\/wp-content\/uploads\/2018\/04\/logo-inverse.jpg\",\"contentUrl\":\"https:\/\/sparkoh.be\/wp-content\/uploads\/2018\/04\/logo-inverse.jpg\",\"width\":1024,\"height\":1024,\"caption\":\"SPARKOH!\"},\"image\":{\"@id\":\"https:\/\/sparkoh.be\/nl\/#\/schema\/logo\/image\/\"},\"sameAs\":[\"https:\/\/www.facebook.com\/SparkohBE\",\"https:\/\/x.com\/Sparkoh_be\",\"https:\/\/www.instagram.com\/sparkoh_BE\/\",\"https:\/\/www.linkedin.com\/company\/sparkoh\/\",\"https:\/\/www.youtube.com\/channel\/UC6JbdX33I9VvnOyfgrgXdvw\"]}]}<\/script>\n<!-- \/ Yoast SEO Premium plugin. -->","yoast_head_json":{"title":"Speelruimtes &#8226; SPARKOH!","description":"Er zijn verschillende mogelijkheden om plezier te beleven aan wetenschap in de speelruimtes : speelplein, interactieve augmented reality ervaring...","robots":{"index":"index","follow":"follow","max-snippet":"max-snippet:-1","max-image-preview":"max-image-preview:large","max-video-preview":"max-video-preview:-1"},"canonical":"https:\/\/sparkoh.be\/nl\/speelruimtes\/","og_locale":"nl_NL","og_type":"article","og_title":"Speelruimtes","og_description":"Er zijn verschillende mogelijkheden om plezier te beleven aan wetenschap in de speelruimtes : speelplein, interactieve augmented reality ervaring...","og_url":"https:\/\/sparkoh.be\/nl\/speelruimtes\/","og_site_name":"SPARKOH!","article_publisher":"https:\/\/www.facebook.com\/SparkohBE","article_modified_time":"2025-02-03T08:58:48+00:00","og_image":[{"width":1920,"height":1280,"url":"https:\/\/sparkoh.be\/wp-content\/uploads\/2021\/11\/photo-tunnel-arc-en-ciel-enfant-e1638187646671.jpeg","type":"image\/jpeg"}],"twitter_card":"summary_large_image","twitter_site":"@Sparkoh_be","twitter_misc":{"Geschatte leestijd":"1 minuut"},"schema":{"@context":"https:\/\/schema.org","@graph":[{"@type":"WebPage","@id":"https:\/\/sparkoh.be\/nl\/speelruimtes\/","url":"https:\/\/sparkoh.be\/nl\/speelruimtes\/","name":"Speelruimtes &#8226; SPARKOH!","isPartOf":{"@id":"https:\/\/sparkoh.be\/nl\/#website"},"primaryImageOfPage":{"@id":"https:\/\/sparkoh.be\/nl\/speelruimtes\/#primaryimage"},"image":{"@id":"https:\/\/sparkoh.be\/nl\/speelruimtes\/#primaryimage"},"thumbnailUrl":"https:\/\/sparkoh.be\/wp-content\/uploads\/2021\/11\/photo-tunnel-arc-en-ciel-enfant-e1638187646671.jpeg","datePublished":"2021-11-29T12:55:14+00:00","dateModified":"2025-02-03T08:58:48+00:00","description":"Er zijn verschillende mogelijkheden om plezier te beleven aan wetenschap in de speelruimtes : speelplein, interactieve augmented reality ervaring...","breadcrumb":{"@id":"https:\/\/sparkoh.be\/nl\/speelruimtes\/#breadcrumb"},"inLanguage":"nl-NL","potentialAction":[{"@type":"ReadAction","target":["https:\/\/sparkoh.be\/nl\/speelruimtes\/"]}]},{"@type":"ImageObject","inLanguage":"nl-NL","@id":"https:\/\/sparkoh.be\/nl\/speelruimtes\/#primaryimage","url":"https:\/\/sparkoh.be\/wp-content\/uploads\/2021\/11\/photo-tunnel-arc-en-ciel-enfant-e1638187646671.jpeg","contentUrl":"https:\/\/sparkoh.be\/wp-content\/uploads\/2021\/11\/photo-tunnel-arc-en-ciel-enfant-e1638187646671.jpeg","width":1920,"height":1280,"caption":"Photo du tunnel arc-en-ciel avec enfant"},{"@type":"BreadcrumbList","@id":"https:\/\/sparkoh.be\/nl\/speelruimtes\/#breadcrumb","itemListElement":[{"@type":"ListItem","position":1,"name":"Home","item":"https:\/\/sparkoh.be\/nl\/"},{"@type":"ListItem","position":2,"name":"Speelruimtes"}]},{"@type":"WebSite","@id":"https:\/\/sparkoh.be\/nl\/#website","url":"https:\/\/sparkoh.be\/nl\/","name":"SPARKOH!","description":"Vivez des &eacute;motions scientifiquement prouv&eacute;es","publisher":{"@id":"https:\/\/sparkoh.be\/nl\/#organization"},"potentialAction":[{"@type":"SearchAction","target":{"@type":"EntryPoint","urlTemplate":"https:\/\/sparkoh.be\/nl\/?s={search_term_string}"},"query-input":{"@type":"PropertyValueSpecification","valueRequired":true,"valueName":"search_term_string"}}],"inLanguage":"nl-NL"},{"@type":"Organization","@id":"https:\/\/sparkoh.be\/nl\/#organization","name":"SPARKOH!","url":"https:\/\/sparkoh.be\/nl\/","logo":{"@type":"ImageObject","inLanguage":"nl-NL","@id":"https:\/\/sparkoh.be\/nl\/#\/schema\/logo\/image\/","url":"https:\/\/sparkoh.be\/wp-content\/uploads\/2018\/04\/logo-inverse.jpg","contentUrl":"https:\/\/sparkoh.be\/wp-content\/uploads\/2018\/04\/logo-inverse.jpg","width":1024,"height":1024,"caption":"SPARKOH!"},"image":{"@id":"https:\/\/sparkoh.be\/nl\/#\/schema\/logo\/image\/"},"sameAs":["https:\/\/www.facebook.com\/SparkohBE","https:\/\/x.com\/Sparkoh_be","https:\/\/www.instagram.com\/sparkoh_BE\/","https:\/\/www.linkedin.com\/company\/sparkoh\/","https:\/\/www.youtube.com\/channel\/UC6JbdX33I9VvnOyfgrgXdvw"]}]}},"_links":{"self":[{"href":"https:\/\/sparkoh.be\/nl\/wp-json\/wp\/v2\/pages\/36710","targetHints":{"allow":["GET"]}}],"collection":[{"href":"https:\/\/sparkoh.be\/nl\/wp-json\/wp\/v2\/pages"}],"about":[{"href":"https:\/\/sparkoh.be\/nl\/wp-json\/wp\/v2\/types\/page"}],"author":[{"embeddable":true,"href":"https:\/\/sparkoh.be\/nl\/wp-json\/wp\/v2\/users\/3"}],"replies":[{"embeddable":true,"href":"https:\/\/sparkoh.be\/nl\/wp-json\/wp\/v2\/comments?post=36710"}],"version-history":[{"count":10,"href":"https:\/\/sparkoh.be\/nl\/wp-json\/wp\/v2\/pages\/36710\/revisions"}],"predecessor-version":[{"id":53485,"href":"https:\/\/sparkoh.be\/nl\/wp-json\/wp\/v2\/pages\/36710\/revisions\/53485"}],"wp:featuredmedia":[{"embeddable":true,"href":"https:\/\/sparkoh.be\/nl\/wp-json\/wp\/v2\/media\/35966"}],"wp:attachment":[{"href":"https:\/\/sparkoh.be\/nl\/wp-json\/wp\/v2\/media?parent=36710"}],"curies":[{"name":"wp","href":"https:\/\/api.w.org\/{rel}","templated":true}]}}