{"id":5541,"date":"2018-03-21T17:45:44","date_gmt":"2018-03-21T16:45:44","guid":{"rendered":"https:\/\/sparkoh.be\/?page_id=5541"},"modified":"2025-09-03T14:13:27","modified_gmt":"2025-09-03T13:13:27","slug":"school-2","status":"publish","type":"page","link":"https:\/\/sparkoh.be\/en\/school-2\/","title":{"rendered":"School"},"content":{"rendered":"\t\t\t<div  class=\"grimlock-section section region  wp-block-grimlock-gallery-gallery-section grimlock-gallery-gallery-section--btn-primary grimlock-gallery-gallery-section--school-at-sparkoh alignfull grimlock-region grimlock-region--mt-0 grimlock-region--mb-0 grimlock-region--pt-4 grimlock-region--pb-4 grimlock-region--6-6-cols-left region--6-6-cols-left grimlock-region--container-classic region--container-classic grimlock-gallery-section\" style=\"border-top-color:#eceeef;border-top-style:solid;border-top-width:0;border-bottom-color:#eceeef;border-bottom-style:solid;border-bottom-width:0;z-index:0;\"  >\n\t\t\t<div class=\"region__inner\" style=\"padding-top:4%;padding-bottom:4%;\">\n\t\t\t\t<div class=\"region__container\">\n\t\t\t\t\t<div class=\"region__row\">\n\t\t\t\t\t\t<div class=\"region__col region__col--1\">\n\t\t\t\t\t\t\t<div class=\"grimlock-reveal-element grimlock-reveal-element--thumbnail\" >\n\t\t\t\t\t\t\t\t            <div class=\"section__thumbnail\">\n                <div id='gallery-1' class='gallery galleryid-5541 gallery-columns-3 gallery-size-large'><figure class='gallery-item'>\n\t\t\t<div class='gallery-icon landscape'>\n\t\t\t\t<a href='https:\/\/sparkoh.be\/en\/img_8504-2\/'><img loading=\"lazy\" decoding=\"async\" width=\"1024\" height=\"683\" src=\"https:\/\/sparkoh.be\/wp-content\/uploads\/2018\/05\/img_8504-1024x683.jpg\" class=\"attachment-large size-large\" alt=\"terril\" srcset=\"https:\/\/sparkoh.be\/wp-content\/uploads\/2018\/05\/img_8504-1024x683.jpg 1024w, https:\/\/sparkoh.be\/wp-content\/uploads\/2018\/05\/img_8504-300x200.jpg 300w, https:\/\/sparkoh.be\/wp-content\/uploads\/2018\/05\/img_8504-768x512.jpg 768w, https:\/\/sparkoh.be\/wp-content\/uploads\/2018\/05\/img_8504.jpg 2048w\" sizes=\"auto, (max-width: 1024px) 100vw, 1024px\" \/><\/a>\n\t\t\t<\/div><\/figure><figure class='gallery-item'>\n\t\t\t<div class='gallery-icon portrait'>\n\t\t\t\t<a href='https:\/\/sparkoh.be\/en\/1004-2\/'><img loading=\"lazy\" decoding=\"async\" width=\"683\" height=\"1024\" src=\"https:\/\/sparkoh.be\/wp-content\/uploads\/2018\/04\/1004-683x1024.jpg\" class=\"attachment-large size-large\" alt=\"Laver l&#039;eau\" srcset=\"https:\/\/sparkoh.be\/wp-content\/uploads\/2018\/04\/1004-683x1024.jpg 683w, https:\/\/sparkoh.be\/wp-content\/uploads\/2018\/04\/1004-200x300.jpg 200w, https:\/\/sparkoh.be\/wp-content\/uploads\/2018\/04\/1004-768x1152.jpg 768w, https:\/\/sparkoh.be\/wp-content\/uploads\/2018\/04\/1004.jpg 1365w\" sizes=\"auto, (max-width: 683px) 100vw, 683px\" \/><\/a>\n\t\t\t<\/div><\/figure><figure class='gallery-item'>\n\t\t\t<div class='gallery-icon landscape'>\n\t\t\t\t<a href='https:\/\/sparkoh.be\/en\/studio-tv-11-2\/'><img loading=\"lazy\" decoding=\"async\" width=\"878\" height=\"596\" src=\"https:\/\/sparkoh.be\/wp-content\/uploads\/2018\/04\/studio-tv-11.jpg\" class=\"attachment-large size-large\" alt=\"\" srcset=\"https:\/\/sparkoh.be\/wp-content\/uploads\/2018\/04\/studio-tv-11.jpg 878w, https:\/\/sparkoh.be\/wp-content\/uploads\/2018\/04\/studio-tv-11-300x204.jpg 300w, https:\/\/sparkoh.be\/wp-content\/uploads\/2018\/04\/studio-tv-11-768x521.jpg 768w\" sizes=\"auto, (max-width: 878px) 100vw, 878px\" \/><\/a>\n\t\t\t<\/div><\/figure><figure class='gallery-item'>\n\t\t\t<div class='gallery-icon landscape'>\n\t\t\t\t<a href='https:\/\/sparkoh.be\/en\/_mg_3639-copie-2\/'><img loading=\"lazy\" decoding=\"async\" width=\"676\" height=\"461\" src=\"https:\/\/sparkoh.be\/wp-content\/uploads\/2018\/04\/mg_3639-copie.jpg\" class=\"attachment-large size-large\" alt=\"\" srcset=\"https:\/\/sparkoh.be\/wp-content\/uploads\/2018\/04\/mg_3639-copie.jpg 676w, https:\/\/sparkoh.be\/wp-content\/uploads\/2018\/04\/mg_3639-copie-300x205.jpg 300w\" sizes=\"auto, (max-width: 676px) 100vw, 676px\" \/><\/a>\n\t\t\t<\/div><\/figure><figure class='gallery-item'>\n\t\t\t<div class='gallery-icon landscape'>\n\t\t\t\t<a href='https:\/\/sparkoh.be\/en\/genetique-le-bon-genie-1-2\/'><img loading=\"lazy\" decoding=\"async\" width=\"1024\" height=\"683\" src=\"https:\/\/sparkoh.be\/wp-content\/uploads\/2018\/04\/genetique-le-bon-genie-1-1024x683.jpg\" class=\"attachment-large size-large\" alt=\"G\u00e9n\u00e9tique,-le-bon-g\u00e9nie-\" srcset=\"https:\/\/sparkoh.be\/wp-content\/uploads\/2018\/04\/genetique-le-bon-genie-1-1024x683.jpg 1024w, https:\/\/sparkoh.be\/wp-content\/uploads\/2018\/04\/genetique-le-bon-genie-1-300x200.jpg 300w, https:\/\/sparkoh.be\/wp-content\/uploads\/2018\/04\/genetique-le-bon-genie-1-768x512.jpg 768w, https:\/\/sparkoh.be\/wp-content\/uploads\/2018\/04\/genetique-le-bon-genie-1.jpg 1200w\" sizes=\"auto, (max-width: 1024px) 100vw, 1024px\" \/><\/a>\n\t\t\t<\/div><\/figure>\n\t\t<\/div>\n            <\/div><!-- .section__thumbnail -->\n\t\t\t\t\t\t\t\t\t\t<\/div>\n\t\t\t\t\t\t<\/div><!-- .region__col -->\n\t\t\t\t\t\t<div class=\"region__col region__col--2\">\n\t\t\t\t\t\t\t<div class=\"grimlock-reveal-element grimlock-reveal-element--content\" >\n\t\t\t\t\t\t\t\t\t        <div class=\"grimlock-section__header section__header\">\n\t\t\t\t\n            <h2 class=\"grimlock-section__title section__title grimlock-display-3 display-3\" >\n\t\t\t\tSchool at SPARK<b>OH!<\/b>            <\/h2>\n\t\t\t\t\t\t\t<h3 class=\"grimlock-section__subtitle section__subtitle grimlock-lead lead\" >\n\t\t\t\t\tSPARK<b>OH!<\/b> offers educational programs for all ages designed to convey the pleasure of understanding science. An innovative resource to support teachers and their students.\t\t\t\t<\/h3>\n\t\t\t\t        <\/div><!-- .section__header -->\n\t\t\t\t        <div class=\"grimlock-section__content section__content\">\n\t\t\t\t\t\t\t<div class=\"grimlock-section__text section__text\">\n\t\t\t\t<p>As a place of questions, active discovery and experimentation, SPARK<b>OH!<\/b> helps and motivates all students to discover science and technology, opening their minds to a vast range of cultural possibilities. The exhibitions and events combine an educational approach with fun experiments to arouse students&#8217; curiosity, stimulate questions and encourage them to learn more and develop their critical faculties. The themes covered vary widely: from the human body to genetics, from the ecosystem of the spoil heap to the region&#8217;s social history, from television to programming a robot, from objects to the materials they are made from&#8230; the aim is to see daily life from another perspective, through the prism of a scientific, technical and humanist culture.<\/p>\n<p><strong>Programs adapted to students&#8217; ages and the aims of their teachers. <\/strong><br \/>\nThe educational team has designed visit programs suitable for all educational levels. Each program offers activities led by a guide combined with opportunities for more independent discovery with the help of engaging educational tools.<\/p>\n\t\t\t<\/div>\n\t\t\n\t\t<div class=\"section__nav-menu\">\n\t\t\t\t\t<\/div><!-- .section__nav-menu -->\n\n\t\t\t        <\/div><!-- .section__content -->\n\t\t\t\t\t\t\t\t\t\t<\/div>\n\t\t\t\t\t\t<\/div><!-- .region__col -->\n\t\t\t\t\t<\/div><!-- .region__row -->\n\t\t\t\t<\/div><!-- .region__container -->\n\t\t\t<\/div><!-- .region__inner -->\n\t\t\t<\/div><!-- .grimlock-section -->\n\t\t\n\n            <div  class=\" wp-block-grimlock-nav-menu-section grimlock-nav-menu-section--btn-primary grimlock-nav-menu-section--our-added-values alignfull region grimlock-region grimlock-region--mt-0 grimlock-region--mb-0 grimlock-region--pt-4 grimlock-region--pb-4 grimlock-region--12-cols-center region--12-cols-center grimlock-region--container-classic region--container-classic grimlock-section section grimlock-nav-menu-section\" style=\"border-top-color:#eceeef;border-top-style:solid;border-top-width:0;border-bottom-color:#eceeef;border-bottom-style:solid;border-bottom-width:0;z-index:0;\"  >\n            <div class=\"grimlock-region__inner region__inner\" style=\"padding-top:4%;padding-bottom:4%;background-color:#f9f9f9;\">\n                <div class=\"grimlock-region__container region__container\">\n                    <div class=\"grimlock-region__row region__row\">\n                        <div class=\"grimlock-region__col grimlock-region__col--1 region__col region__col--1\">\n\t\t\t\t\t\t\t                        <\/div><!-- .region__col -->\n                        <div class=\"grimlock-region__col grimlock-region__col--2 region__col region__col--2\">\n\t\t\t\t\t\t\t\t        <div class=\"grimlock-section__header section__header\">\n\t\t\t\t\n            <h2 class=\"grimlock-section__title section__title grimlock-display-3 display-3\" >\n\t\t\t\tOur added values            <\/h2>\n\t\t\t\t        <\/div><!-- .section__header -->\n\t\t\t        <div class=\"grimlock-section__content section__content\">\n            <div class=\"grimlock-section__nav-menu section__nav-menu\">\n\t\t        <ul id=\"menu-valeurs-ecole_en\" class=\"menu\"><li id=\"menu-item-5496\" class=\"menu-item menu-item-type-custom menu-item-object-custom menu-item-5496\"><a href=\"#\"><i class=\"pa pa-network2 text-burning-orange\"><\/i> Know-how<\/a><\/li>\n<li id=\"menu-item-5497\" class=\"menu-item menu-item-type-custom menu-item-object-custom menu-item-5497\"><a href=\"#\"><i class=\"pa pa-diploma text-burning-orange\"><\/i> Experience<\/a><\/li>\n<li id=\"menu-item-5498\" class=\"menu-item menu-item-type-custom menu-item-object-custom menu-item-5498\"><a href=\"#\"><i class=\"pa pa-conversation text-burning-orange\"><\/i> Attentive<\/a><\/li>\n<li id=\"menu-item-5499\" class=\"menu-item menu-item-type-custom menu-item-object-custom menu-item-5499\"><a href=\"#\"><i class=\"pa pa-joy2 text-burning-orange\"><\/i> Accompanying<\/a><\/li>\n<\/ul>            <\/div><!-- .section__nav-menu -->\n        <\/div><!-- .section__content -->\n\t\t                        <\/div><!-- .region__col -->\n                    <\/div><!-- .region__row -->\n                <\/div><!-- .region__container -->\n            <\/div><!-- .region__inner -->\n            <\/div><!-- .grimlock-section -->\n\t\t\n\n\t\t\t<div  class=\" wp-block-grimlock-section grimlock-section--btn-primary grimlock-section--prices alignfull region grimlock-region grimlock-region--mt-0 grimlock-region--mb-0 grimlock-region--pt-4 grimlock-region--pb-4 grimlock-region--6-6-cols-left-reverse region--6-6-cols-left-reverse grimlock-region--container-classic region--container-classic grimlock-section section\" style=\"border-top-color:rgba(255,255,255,0);border-top-style:solid;border-top-width:0;border-bottom-color:rgba(255,255,255,0);border-bottom-style:solid;border-bottom-width:0;z-index:0;\"  >\n\t\t\t<div class=\"region__inner\" style=\"padding-top:4%;padding-bottom:4%;\">\n\t\t\t\t<div class=\"region__container\">\n\t\t\t\t\t<div class=\"region__row\">\n\t\t\t\t\t\t<div class=\"region__col region__col--1 region__col--secondary-text\" >\n\t\t\t\t\t\t\t<div class=\"grimlock-reveal-element grimlock-reveal-element--thumbnail\" >\n\t\t\t\t\t\t\t\t\t\t\t<div class=\"grimlock-section__thumbnail section__thumbnail section__secondary-text\">\n\t\t\t\t<p>\t\t<a href=\"https:\/\/sparkoh.be\/en\/book-a-visit-with-my-class\/\"  class=\"btn btn-shortcode btn-primary btn-md\"><br \/>\n\t\t\t\t\t\tBook a visit\t\t\t\t\t\t<i class=\"icon-after pa pa-arrow-right\"><\/i><br \/>\n\t\t\t\t\t<\/a><\/p>\n<p>\t\t<a href=\"https:\/\/sparkoh.be\/en\/contact\/\"  class=\"btn btn-shortcode btn-primary btn-md\"><br \/>\n\t\t\t\t\t\tContact us\t\t\t\t\t\t<i class=\"icon-after pa pa-arrow-right\"><\/i><br \/>\n\t\t\t\t\t<\/a><\/p>\n\t\t\t<\/div>\n\t\t\t\t\t\t\t\t\t<\/div>\n\t\t\t\t\t\t<\/div><!-- .region__col -->\n\t\t\t\t\t\t<div class=\"region__col region__col--2\" >\n\t\t\t\t\t\t\t<div class=\"grimlock-reveal-element grimlock-reveal-element--content\" >\n\t\t\t\t\t\t\t\t        <div class=\"grimlock-section__header section__header\" >\n\t        \n            <h2 class=\"grimlock-section__title section__title grimlock-display-3 display-3\" >\n\t\t\t\tPrices            <\/h2>\n\t\t\t\n\t        \n\t\t\t\t\t\t\t\t\t\t\n        <\/div><!-- .section__header -->\n\t\t        <div class=\"grimlock-section__content section__content\"  >\n\t\t\t\t\t\t<div class=\"grimlock-section__text section__text\">\n\t\t\t\t<table class=\"table table-price\">\n<tr>\n<td> <b>PRICES <\/b><\/td>\n<tr>\n<td> Student <\/td>\n<td>9.90\u20ac<\/td>\n<\/tr>\n<tr>\n<td>Teacher<\/td>\n<td>Free*<\/td>\n<\/tr>\n<\/table>\n<p><span class=\"text-muted\">* 1 teacher free of charge per 8 students <\/span><\/p>\n\t\t\t<\/div>\n\t\t        <\/div><!-- .section__content -->\n\t\t\t\t<div class=\"grimlock-section__footer section__footer\">\n\t\t\t\t\t<\/div><!-- .section__footer -->\n\t\t\t\t\t\t\t\t\t<\/div>\n\t\t\t\t\t\t<\/div><!-- .region__col -->\n\t\t\t\t\t<\/div><!-- .region__row -->\n\t\t\t\t<\/div><!-- .region__container -->\n\n\t\t\t\t\t\t\t\t\t\t\t\t\t\n\t\t\t<\/div><!-- .region__inner -->\n\t\t\t<\/div><!-- .grimlock-section -->\n\t\t","protected":false},"excerpt":{"rendered":"","protected":false},"author":3,"featured_media":3963,"parent":0,"menu_order":108,"comment_status":"closed","ping_status":"closed","template":"template-full-width.php","meta":{"_acf_changed":false,"_monsterinsights_skip_tracking":false,"_monsterinsights_sitenote_active":false,"_monsterinsights_sitenote_note":"","_monsterinsights_sitenote_category":0,"footnotes":""},"class_list":["post-5541","page","type-page","status-publish","has-post-thumbnail","hentry"],"acf":[],"yoast_head":"<!-- This site is optimized with the Yoast SEO Premium plugin v25.0 (Yoast SEO v25.0) - https:\/\/yoast.com\/wordpress\/plugins\/seo\/ -->\n<title>School at SPARKOH!<\/title>\n<meta name=\"description\" content=\"SPARKOH! offers educational programs for school and for all ages designed to convey the pleasure of understanding science.\" \/>\n<meta name=\"robots\" content=\"index, follow, max-snippet:-1, max-image-preview:large, max-video-preview:-1\" \/>\n<link rel=\"canonical\" href=\"https:\/\/sparkoh.be\/en\/school-2\/\" \/>\n<meta property=\"og:locale\" content=\"en_US\" \/>\n<meta property=\"og:type\" content=\"article\" \/>\n<meta property=\"og:title\" content=\"School\" \/>\n<meta property=\"og:description\" content=\"SPARKOH! offers educational programs for school and for all ages designed to convey the pleasure of understanding science.\" \/>\n<meta property=\"og:url\" content=\"https:\/\/sparkoh.be\/en\/school-2\/\" \/>\n<meta property=\"og:site_name\" content=\"SPARKOH!\" \/>\n<meta property=\"article:publisher\" content=\"https:\/\/www.facebook.com\/SparkohBE\" \/>\n<meta property=\"article:modified_time\" content=\"2025-09-03T13:13:27+00:00\" \/>\n<meta property=\"og:image\" content=\"https:\/\/sparkoh.be\/wp-content\/uploads\/2018\/04\/studio-tv-5.jpg\" \/>\n\t<meta property=\"og:image:width\" content=\"1706\" \/>\n\t<meta property=\"og:image:height\" content=\"1008\" \/>\n\t<meta property=\"og:image:type\" content=\"image\/jpeg\" \/>\n<meta name=\"twitter:card\" content=\"summary_large_image\" \/>\n<meta name=\"twitter:site\" content=\"@Sparkoh_be\" \/>\n<meta name=\"twitter:label1\" content=\"Est. reading time\" \/>\n\t<meta name=\"twitter:data1\" content=\"1 minute\" \/>\n<script type=\"application\/ld+json\" class=\"yoast-schema-graph\">{\"@context\":\"https:\/\/schema.org\",\"@graph\":[{\"@type\":\"WebPage\",\"@id\":\"https:\/\/sparkoh.be\/en\/school-2\/\",\"url\":\"https:\/\/sparkoh.be\/en\/school-2\/\",\"name\":\"School at SPARKOH!\",\"isPartOf\":{\"@id\":\"https:\/\/sparkoh.be\/en\/#website\"},\"primaryImageOfPage\":{\"@id\":\"https:\/\/sparkoh.be\/en\/school-2\/#primaryimage\"},\"image\":{\"@id\":\"https:\/\/sparkoh.be\/en\/school-2\/#primaryimage\"},\"thumbnailUrl\":\"https:\/\/sparkoh.be\/wp-content\/uploads\/2018\/04\/studio-tv-5.jpg\",\"datePublished\":\"2018-03-21T16:45:44+00:00\",\"dateModified\":\"2025-09-03T13:13:27+00:00\",\"description\":\"SPARKOH! offers educational programs for school and for all ages designed to convey the pleasure of understanding science.\",\"breadcrumb\":{\"@id\":\"https:\/\/sparkoh.be\/en\/school-2\/#breadcrumb\"},\"inLanguage\":\"en-US\",\"potentialAction\":[{\"@type\":\"ReadAction\",\"target\":[\"https:\/\/sparkoh.be\/en\/school-2\/\"]}]},{\"@type\":\"ImageObject\",\"inLanguage\":\"en-US\",\"@id\":\"https:\/\/sparkoh.be\/en\/school-2\/#primaryimage\",\"url\":\"https:\/\/sparkoh.be\/wp-content\/uploads\/2018\/04\/studio-tv-5.jpg\",\"contentUrl\":\"https:\/\/sparkoh.be\/wp-content\/uploads\/2018\/04\/studio-tv-5.jpg\",\"width\":1706,\"height\":1008},{\"@type\":\"BreadcrumbList\",\"@id\":\"https:\/\/sparkoh.be\/en\/school-2\/#breadcrumb\",\"itemListElement\":[{\"@type\":\"ListItem\",\"position\":1,\"name\":\"Home\",\"item\":\"https:\/\/sparkoh.be\/en\/\"},{\"@type\":\"ListItem\",\"position\":2,\"name\":\"School\"}]},{\"@type\":\"WebSite\",\"@id\":\"https:\/\/sparkoh.be\/en\/#website\",\"url\":\"https:\/\/sparkoh.be\/en\/\",\"name\":\"SPARKOH!\",\"description\":\"Vivez des &eacute;motions scientifiquement prouv&eacute;es\",\"publisher\":{\"@id\":\"https:\/\/sparkoh.be\/en\/#organization\"},\"potentialAction\":[{\"@type\":\"SearchAction\",\"target\":{\"@type\":\"EntryPoint\",\"urlTemplate\":\"https:\/\/sparkoh.be\/en\/?s={search_term_string}\"},\"query-input\":{\"@type\":\"PropertyValueSpecification\",\"valueRequired\":true,\"valueName\":\"search_term_string\"}}],\"inLanguage\":\"en-US\"},{\"@type\":\"Organization\",\"@id\":\"https:\/\/sparkoh.be\/en\/#organization\",\"name\":\"SPARKOH!\",\"url\":\"https:\/\/sparkoh.be\/en\/\",\"logo\":{\"@type\":\"ImageObject\",\"inLanguage\":\"en-US\",\"@id\":\"https:\/\/sparkoh.be\/en\/#\/schema\/logo\/image\/\",\"url\":\"https:\/\/sparkoh.be\/wp-content\/uploads\/2018\/04\/logo-inverse.jpg\",\"contentUrl\":\"https:\/\/sparkoh.be\/wp-content\/uploads\/2018\/04\/logo-inverse.jpg\",\"width\":1024,\"height\":1024,\"caption\":\"SPARKOH!\"},\"image\":{\"@id\":\"https:\/\/sparkoh.be\/en\/#\/schema\/logo\/image\/\"},\"sameAs\":[\"https:\/\/www.facebook.com\/SparkohBE\",\"https:\/\/x.com\/Sparkoh_be\",\"https:\/\/www.instagram.com\/sparkoh_BE\/\",\"https:\/\/www.linkedin.com\/company\/sparkoh\/\",\"https:\/\/www.youtube.com\/channel\/UC6JbdX33I9VvnOyfgrgXdvw\"]}]}<\/script>\n<!-- \/ Yoast SEO Premium plugin. -->","yoast_head_json":{"title":"School at SPARKOH!","description":"SPARKOH! offers educational programs for school and for all ages designed to convey the pleasure of understanding science.","robots":{"index":"index","follow":"follow","max-snippet":"max-snippet:-1","max-image-preview":"max-image-preview:large","max-video-preview":"max-video-preview:-1"},"canonical":"https:\/\/sparkoh.be\/en\/school-2\/","og_locale":"en_US","og_type":"article","og_title":"School","og_description":"SPARKOH! offers educational programs for school and for all ages designed to convey the pleasure of understanding science.","og_url":"https:\/\/sparkoh.be\/en\/school-2\/","og_site_name":"SPARKOH!","article_publisher":"https:\/\/www.facebook.com\/SparkohBE","article_modified_time":"2025-09-03T13:13:27+00:00","og_image":[{"width":1706,"height":1008,"url":"https:\/\/sparkoh.be\/wp-content\/uploads\/2018\/04\/studio-tv-5.jpg","type":"image\/jpeg"}],"twitter_card":"summary_large_image","twitter_site":"@Sparkoh_be","twitter_misc":{"Est. reading time":"1 minute"},"schema":{"@context":"https:\/\/schema.org","@graph":[{"@type":"WebPage","@id":"https:\/\/sparkoh.be\/en\/school-2\/","url":"https:\/\/sparkoh.be\/en\/school-2\/","name":"School at SPARKOH!","isPartOf":{"@id":"https:\/\/sparkoh.be\/en\/#website"},"primaryImageOfPage":{"@id":"https:\/\/sparkoh.be\/en\/school-2\/#primaryimage"},"image":{"@id":"https:\/\/sparkoh.be\/en\/school-2\/#primaryimage"},"thumbnailUrl":"https:\/\/sparkoh.be\/wp-content\/uploads\/2018\/04\/studio-tv-5.jpg","datePublished":"2018-03-21T16:45:44+00:00","dateModified":"2025-09-03T13:13:27+00:00","description":"SPARKOH! offers educational programs for school and for all ages designed to convey the pleasure of understanding science.","breadcrumb":{"@id":"https:\/\/sparkoh.be\/en\/school-2\/#breadcrumb"},"inLanguage":"en-US","potentialAction":[{"@type":"ReadAction","target":["https:\/\/sparkoh.be\/en\/school-2\/"]}]},{"@type":"ImageObject","inLanguage":"en-US","@id":"https:\/\/sparkoh.be\/en\/school-2\/#primaryimage","url":"https:\/\/sparkoh.be\/wp-content\/uploads\/2018\/04\/studio-tv-5.jpg","contentUrl":"https:\/\/sparkoh.be\/wp-content\/uploads\/2018\/04\/studio-tv-5.jpg","width":1706,"height":1008},{"@type":"BreadcrumbList","@id":"https:\/\/sparkoh.be\/en\/school-2\/#breadcrumb","itemListElement":[{"@type":"ListItem","position":1,"name":"Home","item":"https:\/\/sparkoh.be\/en\/"},{"@type":"ListItem","position":2,"name":"School"}]},{"@type":"WebSite","@id":"https:\/\/sparkoh.be\/en\/#website","url":"https:\/\/sparkoh.be\/en\/","name":"SPARKOH!","description":"Vivez des &eacute;motions scientifiquement prouv&eacute;es","publisher":{"@id":"https:\/\/sparkoh.be\/en\/#organization"},"potentialAction":[{"@type":"SearchAction","target":{"@type":"EntryPoint","urlTemplate":"https:\/\/sparkoh.be\/en\/?s={search_term_string}"},"query-input":{"@type":"PropertyValueSpecification","valueRequired":true,"valueName":"search_term_string"}}],"inLanguage":"en-US"},{"@type":"Organization","@id":"https:\/\/sparkoh.be\/en\/#organization","name":"SPARKOH!","url":"https:\/\/sparkoh.be\/en\/","logo":{"@type":"ImageObject","inLanguage":"en-US","@id":"https:\/\/sparkoh.be\/en\/#\/schema\/logo\/image\/","url":"https:\/\/sparkoh.be\/wp-content\/uploads\/2018\/04\/logo-inverse.jpg","contentUrl":"https:\/\/sparkoh.be\/wp-content\/uploads\/2018\/04\/logo-inverse.jpg","width":1024,"height":1024,"caption":"SPARKOH!"},"image":{"@id":"https:\/\/sparkoh.be\/en\/#\/schema\/logo\/image\/"},"sameAs":["https:\/\/www.facebook.com\/SparkohBE","https:\/\/x.com\/Sparkoh_be","https:\/\/www.instagram.com\/sparkoh_BE\/","https:\/\/www.linkedin.com\/company\/sparkoh\/","https:\/\/www.youtube.com\/channel\/UC6JbdX33I9VvnOyfgrgXdvw"]}]}},"_links":{"self":[{"href":"https:\/\/sparkoh.be\/en\/wp-json\/wp\/v2\/pages\/5541","targetHints":{"allow":["GET"]}}],"collection":[{"href":"https:\/\/sparkoh.be\/en\/wp-json\/wp\/v2\/pages"}],"about":[{"href":"https:\/\/sparkoh.be\/en\/wp-json\/wp\/v2\/types\/page"}],"author":[{"embeddable":true,"href":"https:\/\/sparkoh.be\/en\/wp-json\/wp\/v2\/users\/3"}],"replies":[{"embeddable":true,"href":"https:\/\/sparkoh.be\/en\/wp-json\/wp\/v2\/comments?post=5541"}],"version-history":[{"count":12,"href":"https:\/\/sparkoh.be\/en\/wp-json\/wp\/v2\/pages\/5541\/revisions"}],"predecessor-version":[{"id":55553,"href":"https:\/\/sparkoh.be\/en\/wp-json\/wp\/v2\/pages\/5541\/revisions\/55553"}],"wp:featuredmedia":[{"embeddable":true,"href":"https:\/\/sparkoh.be\/en\/wp-json\/wp\/v2\/media\/3963"}],"wp:attachment":[{"href":"https:\/\/sparkoh.be\/en\/wp-json\/wp\/v2\/media?parent=5541"}],"curies":[{"name":"wp","href":"https:\/\/api.w.org\/{rel}","templated":true}]}}