{"id":5525,"date":"2018-03-21T17:47:37","date_gmt":"2018-03-21T16:47:37","guid":{"rendered":"https:\/\/sparkoh.be\/?page_id=5525"},"modified":"2024-07-15T15:04:51","modified_gmt":"2024-07-15T14:04:51","slug":"group","status":"publish","type":"page","link":"https:\/\/sparkoh.be\/en\/group\/","title":{"rendered":"Group"},"content":{"rendered":"\t\t\t<div  class=\"grimlock-section section region  wp-block-grimlock-gallery-gallery-section grimlock-gallery-gallery-section--btn-primary grimlock-gallery-gallery-section--groups-at-sparkoh alignfull grimlock-region grimlock-region--mt-0 grimlock-region--mb-0 grimlock-region--pt-4 grimlock-region--pb-4 grimlock-region--6-6-cols-left region--6-6-cols-left grimlock-region--container-classic region--container-classic grimlock-gallery-section\" style=\"border-top-color:#eceeef;border-top-style:solid;border-top-width:0;border-bottom-color:#eceeef;border-bottom-style:solid;border-bottom-width:0;z-index:0;\"  >\n\t\t\t<div class=\"region__inner\" style=\"padding-top:4%;padding-bottom:4%;\">\n\t\t\t\t<div class=\"region__container\">\n\t\t\t\t\t<div class=\"region__row\">\n\t\t\t\t\t\t<div class=\"region__col region__col--1\">\n\t\t\t\t\t\t\t<div class=\"grimlock-reveal-element grimlock-reveal-element--thumbnail\" >\n\t\t\t\t\t\t\t\t            <div class=\"section__thumbnail\">\n                <div id='gallery-1' class='gallery galleryid-5525 gallery-columns-2 gallery-size-large'><figure class='gallery-item'>\n\t\t\t<div class='gallery-icon portrait'>\n\t\t\t\t<a href='https:\/\/sparkoh.be\/en\/?attachment_id=3477'><img loading=\"lazy\" decoding=\"async\" width=\"387\" height=\"527\" src=\"https:\/\/sparkoh.be\/wp-content\/uploads\/2018\/04\/acrobat-02sergebrison-12.jpg\" class=\"attachment-large size-large\" alt=\"Poteaux\" srcset=\"https:\/\/sparkoh.be\/wp-content\/uploads\/2018\/04\/acrobat-02sergebrison-12.jpg 387w, https:\/\/sparkoh.be\/wp-content\/uploads\/2018\/04\/acrobat-02sergebrison-12-220x300.jpg 220w\" sizes=\"auto, (max-width: 387px) 100vw, 387px\" \/><\/a>\n\t\t\t<\/div><\/figure><figure class='gallery-item'>\n\t\t\t<div class='gallery-icon landscape'>\n\t\t\t\t<a href='https:\/\/sparkoh.be\/en\/exposition\/the-super-cool-district\/img_2872-copie-2\/'><img loading=\"lazy\" decoding=\"async\" width=\"843\" height=\"637\" src=\"https:\/\/sparkoh.be\/wp-content\/uploads\/2018\/03\/img_2872-copie-e1523534160744.jpg\" class=\"attachment-large size-large\" alt=\"\" srcset=\"https:\/\/sparkoh.be\/wp-content\/uploads\/2018\/03\/img_2872-copie-e1523534160744.jpg 843w, https:\/\/sparkoh.be\/wp-content\/uploads\/2018\/03\/img_2872-copie-e1523534160744-300x227.jpg 300w, https:\/\/sparkoh.be\/wp-content\/uploads\/2018\/03\/img_2872-copie-e1523534160744-768x580.jpg 768w\" sizes=\"auto, (max-width: 843px) 100vw, 843px\" \/><\/a>\n\t\t\t<\/div><\/figure><figure class='gallery-item'>\n\t\t\t<div class='gallery-icon portrait'>\n\t\t\t\t<a href='https:\/\/sparkoh.be\/en\/dsc_7987-2\/'><img loading=\"lazy\" decoding=\"async\" width=\"446\" height=\"671\" src=\"https:\/\/sparkoh.be\/wp-content\/uploads\/2018\/04\/dsc_7987.jpg\" class=\"attachment-large size-large\" alt=\"Terril\" srcset=\"https:\/\/sparkoh.be\/wp-content\/uploads\/2018\/04\/dsc_7987.jpg 446w, https:\/\/sparkoh.be\/wp-content\/uploads\/2018\/04\/dsc_7987-199x300.jpg 199w\" sizes=\"auto, (max-width: 446px) 100vw, 446px\" \/><\/a>\n\t\t\t<\/div><\/figure><figure class='gallery-item'>\n\t\t\t<div class='gallery-icon landscape'>\n\t\t\t\t<a href='https:\/\/sparkoh.be\/en\/exposition\/energy-new-dreams\/img_0453-3\/'><img loading=\"lazy\" decoding=\"async\" width=\"559\" height=\"461\" src=\"https:\/\/sparkoh.be\/wp-content\/uploads\/2018\/03\/img_0453.jpg\" class=\"attachment-large size-large\" alt=\"\" srcset=\"https:\/\/sparkoh.be\/wp-content\/uploads\/2018\/03\/img_0453.jpg 559w, https:\/\/sparkoh.be\/wp-content\/uploads\/2018\/03\/img_0453-300x247.jpg 300w\" sizes=\"auto, (max-width: 559px) 100vw, 559px\" \/><\/a>\n\t\t\t<\/div><\/figure><figure class='gallery-item'>\n\t\t\t<div class='gallery-icon landscape'>\n\t\t\t\t<a href='https:\/\/sparkoh.be\/en\/img_4265_retouchee-2\/'><img loading=\"lazy\" decoding=\"async\" width=\"778\" height=\"519\" src=\"https:\/\/sparkoh.be\/wp-content\/uploads\/2018\/04\/img_4265_retouchee.jpg\" class=\"attachment-large size-large\" alt=\"\" srcset=\"https:\/\/sparkoh.be\/wp-content\/uploads\/2018\/04\/img_4265_retouchee.jpg 778w, https:\/\/sparkoh.be\/wp-content\/uploads\/2018\/04\/img_4265_retouchee-300x200.jpg 300w, https:\/\/sparkoh.be\/wp-content\/uploads\/2018\/04\/img_4265_retouchee-768x512.jpg 768w\" sizes=\"auto, (max-width: 778px) 100vw, 778px\" \/><\/a>\n\t\t\t<\/div><\/figure><figure class='gallery-item'>\n\t\t\t<div class='gallery-icon landscape'>\n\t\t\t\t<a href='https:\/\/sparkoh.be\/en\/la-tele-decodee-3-2\/'><img loading=\"lazy\" decoding=\"async\" width=\"700\" height=\"498\" src=\"https:\/\/sparkoh.be\/wp-content\/uploads\/2018\/04\/la-tele-decodee-3.jpg\" class=\"attachment-large size-large\" alt=\"La t\u00e9l\u00e9 d\u00e9cod\u00e9e\" srcset=\"https:\/\/sparkoh.be\/wp-content\/uploads\/2018\/04\/la-tele-decodee-3.jpg 700w, https:\/\/sparkoh.be\/wp-content\/uploads\/2018\/04\/la-tele-decodee-3-300x213.jpg 300w, https:\/\/sparkoh.be\/wp-content\/uploads\/2018\/04\/la-tele-decodee-3-550x390.jpg 550w\" sizes=\"auto, (max-width: 700px) 100vw, 700px\" \/><\/a>\n\t\t\t<\/div><\/figure>\n\t\t<\/div>\n            <\/div><!-- .section__thumbnail -->\n\t\t\t\t\t\t\t\t\t\t<\/div>\n\t\t\t\t\t\t<\/div><!-- .region__col -->\n\t\t\t\t\t\t<div class=\"region__col region__col--2\">\n\t\t\t\t\t\t\t<div class=\"grimlock-reveal-element grimlock-reveal-element--content\" >\n\t\t\t\t\t\t\t\t\t        <div class=\"grimlock-section__header section__header\">\n\t\t\t\t\n            <h2 class=\"grimlock-section__title section__title grimlock-display-3 display-3\" >\n\t\t\t\tGroups at SPARK<b>OH!<\/b>            <\/h2>\n\t\t\t\t\t\t\t<h3 class=\"grimlock-section__subtitle section__subtitle grimlock-lead lead\" >\n\t\t\t\t\tAre you responsible for an association or a youth organization ? <br> Are you looking for a day-trip destination combining culture and entertainment ?  <br> You&#8217;ve found it!\t\t\t\t<\/h3>\n\t\t\t\t        <\/div><!-- .section__header -->\n\t\t\t\t        <div class=\"grimlock-section__content section__content\">\n\t\t\t\t\t\t\t<div class=\"grimlock-section__text section__text\">\n\t\t\t\t<p> SPARK<b>OH!<\/b> is the perfect destination for groups of children and young people but also for groups of adults ! Enjoy an entertaining day that\u2019s packed with adventures. For children aged 4 and above.<br \/>\nAs a repository of memory and exceptional architecture, an interactive, entertaining museum resolutely looking to the present and the future, an exhibition space and an outdoor activity park,  SPARK<b>OH!<\/b> can offer an exceptional day of fun and activity for all curious souls, large or small, young or not so young&#8230; a day full of challenges, laughter, amazement, insight, experiments&#8230; providing an understanding of why and how the world works. Dozens of opportunities for conversation, exchanges of ideas and friendly discussion in the exhibitions, the Garden of Adventures and the cafeteria at the Palace of Images.<\/p>\n<p><strong> GET IN TOUCH!<br \/>\nFor a tailor-made package, do not hesitate to get in touch with our booking service. <\/strong><\/p>\n\t\t\t<\/div>\n\t\t\n\t\t<div class=\"section__nav-menu\">\n\t\t\t\t\t<\/div><!-- .section__nav-menu -->\n\n\t\t\t        <\/div><!-- .section__content -->\n\t\t\t\t\t\t\t\t\t\t<\/div>\n\t\t\t\t\t\t<\/div><!-- .region__col -->\n\t\t\t\t\t<\/div><!-- .region__row -->\n\t\t\t\t<\/div><!-- .region__container -->\n\t\t\t<\/div><!-- .region__inner -->\n\t\t\t<\/div><!-- .grimlock-section -->\n\t\t\n\n\t\t\t<div  class=\" wp-block-grimlock-section grimlock-section--btn-primary grimlock-section--prices alignfull region grimlock-region grimlock-region--mt-0 grimlock-region--mb-0 grimlock-region--pt-5 grimlock-region--pb-5 grimlock-region--6-6-cols-left-reverse region--6-6-cols-left-reverse grimlock-region--container-classic region--container-classic grimlock-section section\" style=\"--grimlock-section-content-background-color:rgba(255,255,255,0.95);border-top-color:rgba(255,255,255,0);border-top-style:solid;border-top-width:0;border-bottom-color:rgba(255,255,255,0);border-bottom-style:solid;border-bottom-width:0;z-index:0;\"  >\n\t\t\t<div class=\"region__inner\" style=\"padding-top:5.25%;padding-bottom:5.25%;background-color:rgba(0,0,0,0);\">\n\t\t\t\t<div class=\"region__container\">\n\t\t\t\t\t<div class=\"region__row\">\n\t\t\t\t\t\t<div class=\"region__col region__col--1 region__col--secondary-text\" >\n\t\t\t\t\t\t\t<div class=\"grimlock-reveal-element grimlock-reveal-element--thumbnail\" >\n\t\t\t\t\t\t\t\t\t\t\t<div class=\"grimlock-section__thumbnail section__thumbnail section__secondary-text\">\n\t\t\t\t<p>\t\t<a href=\"https:\/\/sparkoh.be\/en\/book-een-visit-with-a-group\/\"  class=\"btn btn-shortcode btn-primary btn-md\"><br \/>\n\t\t\t\t\t\tBook a visit\t\t\t\t\t\t<i class=\"icon-after pa pa-arrow-right\"><\/i><br \/>\n\t\t\t\t\t<\/a><\/p>\n<p>\t\t<a href=\"https:\/\/sparkoh.be\/en\/contact\/\"  class=\"btn btn-shortcode btn-primary btn-md\"><br \/>\n\t\t\t\t\t\tContact us\t\t\t\t\t\t<i class=\"icon-after pa pa-arrow-right\"><\/i><br \/>\n\t\t\t\t\t<\/a><\/p>\n\t\t\t<\/div>\n\t\t\t\t\t\t\t\t\t<\/div>\n\t\t\t\t\t\t<\/div><!-- .region__col -->\n\t\t\t\t\t\t<div class=\"region__col region__col--2\" >\n\t\t\t\t\t\t\t<div class=\"grimlock-reveal-element grimlock-reveal-element--content\" >\n\t\t\t\t\t\t\t\t        <div class=\"grimlock-section__header section__header\" >\n\t        \n            <h2 class=\"grimlock-section__title section__title grimlock-display-3 display-3\" >\n\t\t\t\tPrices            <\/h2>\n\t\t\t\t\t\t\t<h3 class=\"grimlock-section__subtitle section__subtitle grimlock-lead lead\" >\n\t\t\t\t\tA group consisting of people who belong to a structured organisation\t\t\t\t<\/h3>\n\t\t\t\n\t        \n\t\t\t\t\t\t\t\t\t\t\n        <\/div><!-- .section__header -->\n\t\t        <div class=\"grimlock-section__content section__content\"  >\n\t\t\t\t\t\t<div class=\"grimlock-section__text section__text\">\n\t\t\t\t<h6> <strong>Youth group<\/h6>\n<p> <\/strong><\/p>\n<table class=\"table table-price\">\n<tr>\n<td> <b>PRICES <\/b><\/td>\n<tr>\n<td> Young <\/td>\n<td>9.90\u20ac<\/td>\n<\/tr>\n<tr>\n<td>Supervisor<\/td>\n<td>Free*<\/td>\n<\/tr>\n<\/table>\n<p><span class=\"text-muted\">* 1 supervisor free of charge per 8 children. <\/span><\/p>\n<h6> <strong>Adult or mixed group (min. 20 people)*<\/h6>\n<p> <\/strong><\/p>\n<table class=\"table table-price\">\n<tr>\n<td> <b>PRICES <\/b><\/td>\n<tr>\n<td> Young (0-3 years)<\/td>\n<td>Free <\/td>\n<\/tr>\n<tr>\n<td> Young (4-18 years)<\/td>\n<td>12\u20ac<\/td>\n<\/tr>\n<tr>\n<td> Adult (+18 years)<\/td>\n<td>17\u20ac<\/td>\n<\/tr>\n<tr>\n<td>PRM <\/td>\n<td> 9\u20ac\/child &#8211; 14\u20ac\/adult <\/td>\n<\/tr>\n<tr>\n<td>Supervisor**<\/td>\n<td>Free<\/td>\n<\/tr>\n<\/table>\n<p><span class=\"text-muted\"><a href=\"https:\/\/sparkoh.be\/en\/legal-informations\/\">*See legal Informations <\/a><\/span><br \/>\n<span class=\"text-muted\">** 1 accompanying person for 20 people <\/span><\/p>\n\t\t\t<\/div>\n\t\t        <\/div><!-- .section__content -->\n\t\t\t\t<div class=\"grimlock-section__footer section__footer\">\n\t\t\t\t\t<\/div><!-- .section__footer -->\n\t\t\t\t\t\t\t\t\t<\/div>\n\t\t\t\t\t\t<\/div><!-- .region__col -->\n\t\t\t\t\t<\/div><!-- .region__row -->\n\t\t\t\t<\/div><!-- .region__container -->\n\n\t\t\t\t\t\t\t\t\t\t\t\t\t\t<div class=\"section__header-shadow\" style=\"background-color:#f9f9f9;\"><\/div>\n\t\t\t\t\t\t\t\t\t\n\t\t\t<\/div><!-- .region__inner -->\n\t\t\t<\/div><!-- .grimlock-section -->\n\t\t","protected":false},"excerpt":{"rendered":"","protected":false},"author":3,"featured_media":3596,"parent":0,"menu_order":90,"comment_status":"closed","ping_status":"closed","template":"template-full-width.php","meta":{"_acf_changed":false,"_monsterinsights_skip_tracking":false,"_monsterinsights_sitenote_active":false,"_monsterinsights_sitenote_note":"","_monsterinsights_sitenote_category":0,"footnotes":""},"class_list":["post-5525","page","type-page","status-publish","has-post-thumbnail","hentry"],"acf":[],"yoast_head":"<!-- This site is optimized with the Yoast SEO Premium plugin v25.0 (Yoast SEO v25.0) - https:\/\/yoast.com\/wordpress\/plugins\/seo\/ -->\n<title>Group at SPARKOH! : between games and discoveries<\/title>\n<meta name=\"description\" content=\"Group enjoy a day of adventures at SPARKOH!. Free visit or with additional workshop upon reservation. Offer available from 4 years old.\" \/>\n<meta name=\"robots\" content=\"index, follow, max-snippet:-1, max-image-preview:large, max-video-preview:-1\" \/>\n<link rel=\"canonical\" href=\"https:\/\/sparkoh.be\/en\/group\/\" \/>\n<meta property=\"og:locale\" content=\"en_US\" \/>\n<meta property=\"og:type\" content=\"article\" \/>\n<meta property=\"og:title\" content=\"Group\" \/>\n<meta property=\"og:description\" content=\"Group enjoy a day of adventures at SPARKOH!. Free visit or with additional workshop upon reservation. Offer available from 4 years old.\" \/>\n<meta property=\"og:url\" content=\"https:\/\/sparkoh.be\/en\/group\/\" \/>\n<meta property=\"og:site_name\" content=\"SPARKOH!\" \/>\n<meta property=\"article:publisher\" content=\"https:\/\/www.facebook.com\/SparkohBE\" \/>\n<meta property=\"article:modified_time\" content=\"2024-07-15T14:04:51+00:00\" \/>\n<meta property=\"og:image\" content=\"https:\/\/sparkoh.be\/wp-content\/uploads\/2018\/04\/cover-groupe-jeunesse.jpg\" \/>\n\t<meta property=\"og:image:width\" content=\"1274\" \/>\n\t<meta property=\"og:image:height\" content=\"315\" \/>\n\t<meta property=\"og:image:type\" content=\"image\/jpeg\" \/>\n<meta name=\"twitter:card\" content=\"summary_large_image\" \/>\n<meta name=\"twitter:site\" content=\"@Sparkoh_be\" \/>\n<meta name=\"twitter:label1\" content=\"Est. reading time\" \/>\n\t<meta name=\"twitter:data1\" content=\"1 minute\" \/>\n<script type=\"application\/ld+json\" class=\"yoast-schema-graph\">{\"@context\":\"https:\/\/schema.org\",\"@graph\":[{\"@type\":\"WebPage\",\"@id\":\"https:\/\/sparkoh.be\/en\/group\/\",\"url\":\"https:\/\/sparkoh.be\/en\/group\/\",\"name\":\"Group at SPARKOH! : between games and discoveries\",\"isPartOf\":{\"@id\":\"https:\/\/sparkoh.be\/en\/#website\"},\"primaryImageOfPage\":{\"@id\":\"https:\/\/sparkoh.be\/en\/group\/#primaryimage\"},\"image\":{\"@id\":\"https:\/\/sparkoh.be\/en\/group\/#primaryimage\"},\"thumbnailUrl\":\"https:\/\/sparkoh.be\/wp-content\/uploads\/2018\/04\/cover-groupe-jeunesse.jpg\",\"datePublished\":\"2018-03-21T16:47:37+00:00\",\"dateModified\":\"2024-07-15T14:04:51+00:00\",\"description\":\"Group enjoy a day of adventures at SPARKOH!. Free visit or with additional workshop upon reservation. Offer available from 4 years old.\",\"breadcrumb\":{\"@id\":\"https:\/\/sparkoh.be\/en\/group\/#breadcrumb\"},\"inLanguage\":\"en-US\",\"potentialAction\":[{\"@type\":\"ReadAction\",\"target\":[\"https:\/\/sparkoh.be\/en\/group\/\"]}]},{\"@type\":\"ImageObject\",\"inLanguage\":\"en-US\",\"@id\":\"https:\/\/sparkoh.be\/en\/group\/#primaryimage\",\"url\":\"https:\/\/sparkoh.be\/wp-content\/uploads\/2018\/04\/cover-groupe-jeunesse.jpg\",\"contentUrl\":\"https:\/\/sparkoh.be\/wp-content\/uploads\/2018\/04\/cover-groupe-jeunesse.jpg\",\"width\":1274,\"height\":315},{\"@type\":\"BreadcrumbList\",\"@id\":\"https:\/\/sparkoh.be\/en\/group\/#breadcrumb\",\"itemListElement\":[{\"@type\":\"ListItem\",\"position\":1,\"name\":\"Home\",\"item\":\"https:\/\/sparkoh.be\/en\/\"},{\"@type\":\"ListItem\",\"position\":2,\"name\":\"Group\"}]},{\"@type\":\"WebSite\",\"@id\":\"https:\/\/sparkoh.be\/en\/#website\",\"url\":\"https:\/\/sparkoh.be\/en\/\",\"name\":\"SPARKOH!\",\"description\":\"Vivez des &eacute;motions scientifiquement prouv&eacute;es\",\"publisher\":{\"@id\":\"https:\/\/sparkoh.be\/en\/#organization\"},\"potentialAction\":[{\"@type\":\"SearchAction\",\"target\":{\"@type\":\"EntryPoint\",\"urlTemplate\":\"https:\/\/sparkoh.be\/en\/?s={search_term_string}\"},\"query-input\":{\"@type\":\"PropertyValueSpecification\",\"valueRequired\":true,\"valueName\":\"search_term_string\"}}],\"inLanguage\":\"en-US\"},{\"@type\":\"Organization\",\"@id\":\"https:\/\/sparkoh.be\/en\/#organization\",\"name\":\"SPARKOH!\",\"url\":\"https:\/\/sparkoh.be\/en\/\",\"logo\":{\"@type\":\"ImageObject\",\"inLanguage\":\"en-US\",\"@id\":\"https:\/\/sparkoh.be\/en\/#\/schema\/logo\/image\/\",\"url\":\"https:\/\/sparkoh.be\/wp-content\/uploads\/2018\/04\/logo-inverse.jpg\",\"contentUrl\":\"https:\/\/sparkoh.be\/wp-content\/uploads\/2018\/04\/logo-inverse.jpg\",\"width\":1024,\"height\":1024,\"caption\":\"SPARKOH!\"},\"image\":{\"@id\":\"https:\/\/sparkoh.be\/en\/#\/schema\/logo\/image\/\"},\"sameAs\":[\"https:\/\/www.facebook.com\/SparkohBE\",\"https:\/\/x.com\/Sparkoh_be\",\"https:\/\/www.instagram.com\/sparkoh_BE\/\",\"https:\/\/www.linkedin.com\/company\/sparkoh\/\",\"https:\/\/www.youtube.com\/channel\/UC6JbdX33I9VvnOyfgrgXdvw\"]}]}<\/script>\n<!-- \/ Yoast SEO Premium plugin. -->","yoast_head_json":{"title":"Group at SPARKOH! : between games and discoveries","description":"Group enjoy a day of adventures at SPARKOH!. Free visit or with additional workshop upon reservation. Offer available from 4 years old.","robots":{"index":"index","follow":"follow","max-snippet":"max-snippet:-1","max-image-preview":"max-image-preview:large","max-video-preview":"max-video-preview:-1"},"canonical":"https:\/\/sparkoh.be\/en\/group\/","og_locale":"en_US","og_type":"article","og_title":"Group","og_description":"Group enjoy a day of adventures at SPARKOH!. Free visit or with additional workshop upon reservation. Offer available from 4 years old.","og_url":"https:\/\/sparkoh.be\/en\/group\/","og_site_name":"SPARKOH!","article_publisher":"https:\/\/www.facebook.com\/SparkohBE","article_modified_time":"2024-07-15T14:04:51+00:00","og_image":[{"width":1274,"height":315,"url":"https:\/\/sparkoh.be\/wp-content\/uploads\/2018\/04\/cover-groupe-jeunesse.jpg","type":"image\/jpeg"}],"twitter_card":"summary_large_image","twitter_site":"@Sparkoh_be","twitter_misc":{"Est. reading time":"1 minute"},"schema":{"@context":"https:\/\/schema.org","@graph":[{"@type":"WebPage","@id":"https:\/\/sparkoh.be\/en\/group\/","url":"https:\/\/sparkoh.be\/en\/group\/","name":"Group at SPARKOH! : between games and discoveries","isPartOf":{"@id":"https:\/\/sparkoh.be\/en\/#website"},"primaryImageOfPage":{"@id":"https:\/\/sparkoh.be\/en\/group\/#primaryimage"},"image":{"@id":"https:\/\/sparkoh.be\/en\/group\/#primaryimage"},"thumbnailUrl":"https:\/\/sparkoh.be\/wp-content\/uploads\/2018\/04\/cover-groupe-jeunesse.jpg","datePublished":"2018-03-21T16:47:37+00:00","dateModified":"2024-07-15T14:04:51+00:00","description":"Group enjoy a day of adventures at SPARKOH!. Free visit or with additional workshop upon reservation. Offer available from 4 years old.","breadcrumb":{"@id":"https:\/\/sparkoh.be\/en\/group\/#breadcrumb"},"inLanguage":"en-US","potentialAction":[{"@type":"ReadAction","target":["https:\/\/sparkoh.be\/en\/group\/"]}]},{"@type":"ImageObject","inLanguage":"en-US","@id":"https:\/\/sparkoh.be\/en\/group\/#primaryimage","url":"https:\/\/sparkoh.be\/wp-content\/uploads\/2018\/04\/cover-groupe-jeunesse.jpg","contentUrl":"https:\/\/sparkoh.be\/wp-content\/uploads\/2018\/04\/cover-groupe-jeunesse.jpg","width":1274,"height":315},{"@type":"BreadcrumbList","@id":"https:\/\/sparkoh.be\/en\/group\/#breadcrumb","itemListElement":[{"@type":"ListItem","position":1,"name":"Home","item":"https:\/\/sparkoh.be\/en\/"},{"@type":"ListItem","position":2,"name":"Group"}]},{"@type":"WebSite","@id":"https:\/\/sparkoh.be\/en\/#website","url":"https:\/\/sparkoh.be\/en\/","name":"SPARKOH!","description":"Vivez des &eacute;motions scientifiquement prouv&eacute;es","publisher":{"@id":"https:\/\/sparkoh.be\/en\/#organization"},"potentialAction":[{"@type":"SearchAction","target":{"@type":"EntryPoint","urlTemplate":"https:\/\/sparkoh.be\/en\/?s={search_term_string}"},"query-input":{"@type":"PropertyValueSpecification","valueRequired":true,"valueName":"search_term_string"}}],"inLanguage":"en-US"},{"@type":"Organization","@id":"https:\/\/sparkoh.be\/en\/#organization","name":"SPARKOH!","url":"https:\/\/sparkoh.be\/en\/","logo":{"@type":"ImageObject","inLanguage":"en-US","@id":"https:\/\/sparkoh.be\/en\/#\/schema\/logo\/image\/","url":"https:\/\/sparkoh.be\/wp-content\/uploads\/2018\/04\/logo-inverse.jpg","contentUrl":"https:\/\/sparkoh.be\/wp-content\/uploads\/2018\/04\/logo-inverse.jpg","width":1024,"height":1024,"caption":"SPARKOH!"},"image":{"@id":"https:\/\/sparkoh.be\/en\/#\/schema\/logo\/image\/"},"sameAs":["https:\/\/www.facebook.com\/SparkohBE","https:\/\/x.com\/Sparkoh_be","https:\/\/www.instagram.com\/sparkoh_BE\/","https:\/\/www.linkedin.com\/company\/sparkoh\/","https:\/\/www.youtube.com\/channel\/UC6JbdX33I9VvnOyfgrgXdvw"]}]}},"_links":{"self":[{"href":"https:\/\/sparkoh.be\/en\/wp-json\/wp\/v2\/pages\/5525","targetHints":{"allow":["GET"]}}],"collection":[{"href":"https:\/\/sparkoh.be\/en\/wp-json\/wp\/v2\/pages"}],"about":[{"href":"https:\/\/sparkoh.be\/en\/wp-json\/wp\/v2\/types\/page"}],"author":[{"embeddable":true,"href":"https:\/\/sparkoh.be\/en\/wp-json\/wp\/v2\/users\/3"}],"replies":[{"embeddable":true,"href":"https:\/\/sparkoh.be\/en\/wp-json\/wp\/v2\/comments?post=5525"}],"version-history":[{"count":10,"href":"https:\/\/sparkoh.be\/en\/wp-json\/wp\/v2\/pages\/5525\/revisions"}],"predecessor-version":[{"id":51314,"href":"https:\/\/sparkoh.be\/en\/wp-json\/wp\/v2\/pages\/5525\/revisions\/51314"}],"wp:featuredmedia":[{"embeddable":true,"href":"https:\/\/sparkoh.be\/en\/wp-json\/wp\/v2\/media\/3596"}],"wp:attachment":[{"href":"https:\/\/sparkoh.be\/en\/wp-json\/wp\/v2\/media?parent=5525"}],"curies":[{"name":"wp","href":"https:\/\/api.w.org\/{rel}","templated":true}]}}