{"id":36796,"date":"2021-11-29T13:55:14","date_gmt":"2021-11-29T12:55:14","guid":{"rendered":"https:\/\/sparkoh.be\/?page_id=36796"},"modified":"2025-02-03T10:00:06","modified_gmt":"2025-02-03T09:00:06","slug":"play-areas","status":"publish","type":"page","link":"https:\/\/sparkoh.be\/en\/play-areas\/","title":{"rendered":"Play areas"},"content":{"rendered":"\t\t\t<div  class=\" wp-block-grimlock-section grimlock-section--btn-secondary grimlock-section--a-last-oh alignfull region grimlock-region grimlock-region--mt-0 grimlock-region--mb-0 grimlock-region--pt-4 grimlock-region--pb-4 grimlock-region--6-6-cols-left-boxed-reverse region--6-6-cols-left-boxed-reverse grimlock-region--container-classic region--container-classic grimlock-section section\" style=\"--grimlock-section-content-background-color:#230069;background-image:url(https:\/\/sparkoh.be\/wp-content\/uploads\/2021\/05\/chimie-des-emotions-installations-1920x450.jpg);background-repeat:no-repeat;background-position:center;background-size:cover;-webkit-background-size:cover;background-attachment:scroll;border-top-color:#eceeef;border-top-style:solid;border-top-width:0;border-bottom-color:#eceeef;border-bottom-style:solid;border-bottom-width:0;z-index:0;color:rgb(255, 255, 255);\"  >\n\t\t\t<div class=\"region__inner\" style=\"padding-top:4%;padding-bottom:4%;background-color:rgba(255, 0, 102, 0.88);\">\n\t\t\t\t<div class=\"region__container\">\n\t\t\t\t\t<div class=\"region__row\">\n\t\t\t\t\t\t<div class=\"region__col region__col--1 \" >\n\t\t\t\t\t\t\t<div class=\"grimlock-reveal-element grimlock-reveal-element--thumbnail\" >\n\t\t\t\t\t\t\t\t            <div class=\"grimlock-section__thumbnail section__thumbnail\">\n                <img decoding=\"async\" class=\"grimlock-section__thumbnail-img section__thumbnail-img img-fluid\" src=\"https:\/\/sparkoh.be\/wp-content\/uploads\/2021\/11\/experience-ra-monsieur-machine.jpeg\" alt=\"Exp\u00e9rience en r\u00e9alit\u00e9 augment\u00e9e_Energie plasma\" \/>\n\t            <div class=\"grimlock-section__thumbnail-shadow section__thumbnail-shadow\"  ><\/div>\n            <\/div><!-- .section__thumbnail -->\n\t\t\t\t\t\t\t\t\t\t<\/div>\n\t\t\t\t\t\t<\/div><!-- .region__col -->\n\t\t\t\t\t\t<div class=\"region__col region__col--2\" >\n\t\t\t\t\t\t\t<div class=\"grimlock-reveal-element grimlock-reveal-element--content\" >\n\t\t\t\t\t\t\t\t        <div class=\"grimlock-section__header section__header\" >\n\t        \n            <h2 class=\"grimlock-section__title section__title grimlock-display-3 display-3\" style=\"color:rgb(255, 255, 255);\">\n\t\t\t\tA last OH!            <\/h2>\n\t\t\t\t\t\t\t<h3 class=\"grimlock-section__subtitle section__subtitle grimlock-lead lead\" style=\"color:rgb(255, 255, 255);\">\n\t\t\t\t\tAn interactive augmented reality experience\t\t\t\t<\/h3>\n\t\t\t\n\t        \n\t\t\t\t\t\t\t\t\t\t\n        <\/div><!-- .section__header -->\n\t\t        <div class=\"grimlock-section__content section__content\"  >\n\t\t\t\t\t\t<div class=\"grimlock-section__text section__text\">\n\t\t\t\t<p>In the Passerelle, check out the 8 interactive backdrops inspired by our exhibitions that come to life thanks to augmented reality!<\/p>\n<p>Scan your body, dance in the rainbow tunnel, shelter from the storm! Act your heart out, capture the emotion, utter one last OH! before leaving SPARKOH!<\/p>\n\t\t\t<\/div>\n\t\t        <\/div><!-- .section__content -->\n\t\t\t\t<div class=\"grimlock-section__footer section__footer\">\n\t\t\t\n            <a href=\"https:\/\/sparkoh.be\/en\/one-last-oh-an-augmented-reality-experience\/\" class=\"grimlock-section__btn grimlock-section__btn--1 section__btn btn grimlock-btn-secondary btn-secondary\" >\n\t            One last OH!            <\/a>\n\t\t\t\t\t<\/div><!-- .section__footer -->\n\t\t\t\t\t\t\t\t\t<\/div>\n\t\t\t\t\t\t<\/div><!-- .region__col -->\n\t\t\t\t\t<\/div><!-- .region__row -->\n\t\t\t\t<\/div><!-- .region__container -->\n\n\t\t\t\t\t\t\t\t\t\t\t\t\t\t<div class=\"section__header-shadow\" ><\/div>\n\t\t\t\t\t\t\t\t\t\n\t\t\t<\/div><!-- .region__inner -->\n\t\t\t<\/div><!-- .grimlock-section -->\n\t\t\n\n\t\t\t<div  class=\" wp-block-grimlock-section grimlock-section--btn-primary-inverse grimlock-section--outdoor-playground alignfull region grimlock-region grimlock-region--mt-0 grimlock-region--mb-0 grimlock-region--pt-4 grimlock-region--pb-4 grimlock-region--6-6-cols-left-boxed region--6-6-cols-left-boxed grimlock-region--container-classic region--container-classic grimlock-section section\" style=\"--grimlock-section-content-background-color:#7346f0;border-top-color:#eceeef;border-top-style:solid;border-top-width:0;border-bottom-color:#eceeef;border-bottom-style:solid;border-bottom-width:0;z-index:0;color:rgb(255, 255, 255);\"  >\n\t\t\t<div class=\"region__inner\" style=\"padding-top:4%;padding-bottom:4%;\">\n\t\t\t\t<div class=\"region__container\">\n\t\t\t\t\t<div class=\"region__row\">\n\t\t\t\t\t\t<div class=\"region__col region__col--1 \" >\n\t\t\t\t\t\t\t<div class=\"grimlock-reveal-element grimlock-reveal-element--thumbnail\" >\n\t\t\t\t\t\t\t\t            <div class=\"grimlock-section__thumbnail section__thumbnail\">\n                <img decoding=\"async\" class=\"grimlock-section__thumbnail-img section__thumbnail-img img-fluid\" src=\"https:\/\/sparkoh.be\/wp-content\/uploads\/2021\/11\/inauguration-sparkoh-plaine-jeux.jpg\" alt=\"Plaine de jeux ext\u00e9rieure balan\u00e7oires\" \/>\n\t            <div class=\"grimlock-section__thumbnail-shadow section__thumbnail-shadow\"  ><\/div>\n            <\/div><!-- .section__thumbnail -->\n\t\t\t\t\t\t\t\t\t\t<\/div>\n\t\t\t\t\t\t<\/div><!-- .region__col -->\n\t\t\t\t\t\t<div class=\"region__col region__col--2\" >\n\t\t\t\t\t\t\t<div class=\"grimlock-reveal-element grimlock-reveal-element--content\" >\n\t\t\t\t\t\t\t\t        <div class=\"grimlock-section__header section__header\" >\n\t        \n            <h2 class=\"grimlock-section__title section__title grimlock-display-3 display-3\" style=\"color:rgb(255, 255, 255);\">\n\t\t\t\tOutdoor playground            <\/h2>\n\t\t\t\n\t        \n\t\t\t\t\t\t\t\t\t\t\n        <\/div><!-- .section__header -->\n\t\t        <div class=\"grimlock-section__content section__content\"  >\n\t\t\t\t\t\t<div class=\"grimlock-section__text section__text\">\n\t\t\t\t<p>Zip wires, spinning tops, swings, trampolines&#8230; a playground for little ones and older children to make the most of the outside space and have some fun!<\/p>\n<p>Open all year round.<br \/>\nYou will need to pay for your entrance to SPARKOH! to access the playground.<\/p>\n<p>Accessible toute l&#8217;ann\u00e9e.<br \/>\nPour acc\u00e9der \u00e0 la plaine de jeux, il est obligatoire de s\u2019acquitter du droit d\u2019entr\u00e9e au SPARKOH!<\/p>\n\t\t\t<\/div>\n\t\t        <\/div><!-- .section__content -->\n\t\t\t\t<div class=\"grimlock-section__footer section__footer\">\n\t\t\t\n            <a href=\"https:\/\/sparkoh.be\/en\/outdoors\/\" class=\"grimlock-section__btn grimlock-section__btn--1 section__btn btn grimlock-btn-primary-inverse btn-primary-inverse\" >\n\t            Playground            <\/a>\n\t\t\t\t\t<\/div><!-- .section__footer -->\n\t\t\t\t\t\t\t\t\t<\/div>\n\t\t\t\t\t\t<\/div><!-- .region__col -->\n\t\t\t\t\t<\/div><!-- .region__row -->\n\t\t\t\t<\/div><!-- .region__container -->\n\n\t\t\t\t\t\t\t\t\t\t\t\t\t\n\t\t\t<\/div><!-- .region__inner -->\n\t\t\t<\/div><!-- .grimlock-section -->\n\t\t\n\n\t\t\t<div  class=\" wp-block-grimlock-section grimlock-section--btn-primary-inverse grimlock-section--acrobat alignfull region grimlock-region grimlock-region--mt-0 grimlock-region--mb-0 grimlock-region--pt-4 grimlock-region--pb-4 grimlock-region--6-6-cols-left-boxed-reverse region--6-6-cols-left-boxed-reverse grimlock-region--container-classic region--container-classic grimlock-section section\" style=\"--grimlock-section-content-background-color:#230069;background-image:url(https:\/\/sparkoh.be\/wp-content\/uploads\/2018\/04\/acro-accueil2-1820x450.jpg);background-repeat:no-repeat;background-position:center;background-size:cover;-webkit-background-size:cover;background-attachment:scroll;border-top-color:#eceeef;border-top-style:solid;border-top-width:0;border-bottom-color:#eceeef;border-bottom-style:solid;border-bottom-width:0;z-index:0;color:rgb(255, 255, 255);\"  >\n\t\t\t<div class=\"region__inner\" style=\"padding-top:4%;padding-bottom:4%;background-color:rgba(255, 0, 129, 0.77);\">\n\t\t\t\t<div class=\"region__container\">\n\t\t\t\t\t<div class=\"region__row\">\n\t\t\t\t\t\t<div class=\"region__col region__col--1 \" >\n\t\t\t\t\t\t\t<div class=\"grimlock-reveal-element grimlock-reveal-element--thumbnail\" >\n\t\t\t\t\t\t\t\t            <div class=\"grimlock-section__thumbnail section__thumbnail\">\n                <img decoding=\"async\" class=\"grimlock-section__thumbnail-img section__thumbnail-img img-fluid\" src=\"https:\/\/sparkoh.be\/wp-content\/uploads\/2018\/04\/ecran-daccueil.jpg\" alt=\"Acro&#039;bat accueil\" \/>\n\t            <div class=\"grimlock-section__thumbnail-shadow section__thumbnail-shadow\"  ><\/div>\n            <\/div><!-- .section__thumbnail -->\n\t\t\t\t\t\t\t\t\t\t<\/div>\n\t\t\t\t\t\t<\/div><!-- .region__col -->\n\t\t\t\t\t\t<div class=\"region__col region__col--2\" >\n\t\t\t\t\t\t\t<div class=\"grimlock-reveal-element grimlock-reveal-element--content\" >\n\t\t\t\t\t\t\t\t        <div class=\"grimlock-section__header section__header\" >\n\t        \n            <h2 class=\"grimlock-section__title section__title grimlock-display-3 display-3\" style=\"color:rgb(255, 255, 255);\">\n\t\t\t\tAcro&#8217;b\u00e2t!            <\/h2>\n\t\t\t\n\t        \n\t\t\t\t\t\t\t\t\t\t\n        <\/div><!-- .section__header -->\n\t\t        <div class=\"grimlock-section__content section__content\"  >\n\t\t\t\t\t\t<div class=\"grimlock-section__text section__text\">\n\t\t\t\t<p>Feel the urge to move?<br \/>\nScience is also about physics!<\/p>\n<p>In the Pass\u2019\u00e2ge des aventuriers, try an unusual way to get around with the Acro\u2019b\u00e2t course: an indoor acrobatic course connecting 3 different levels of exhibitions. Have a go on the monkey bridges, slides, climbing wall and swings.<br \/>\nOpen all year round.<\/p>\n\t\t\t<\/div>\n\t\t        <\/div><!-- .section__content -->\n\t\t\t\t<div class=\"grimlock-section__footer section__footer\">\n\t\t\t\n            <a href=\"https:\/\/sparkoh.be\/en\/exposition\/acrobat\/\" class=\"grimlock-section__btn grimlock-section__btn--1 section__btn btn grimlock-btn-primary-inverse btn-primary-inverse\" >\n\t            Acro&#8217;b\u00e2t!            <\/a>\n\t\t\t\t\t<\/div><!-- .section__footer -->\n\t\t\t\t\t\t\t\t\t<\/div>\n\t\t\t\t\t\t<\/div><!-- .region__col -->\n\t\t\t\t\t<\/div><!-- .region__row -->\n\t\t\t\t<\/div><!-- .region__container -->\n\n\t\t\t\t\t\t\t\t\t\t\t\t\t\t<div class=\"section__header-shadow\" ><\/div>\n\t\t\t\t\t\t\t\t\t\n\t\t\t<\/div><!-- .region__inner -->\n\t\t\t<\/div><!-- .grimlock-section -->\n\t\t\n\n\t\t\t<div  class=\" wp-block-grimlock-section grimlock-section--btn-primary-inverse grimlock-section--behind-the-scenes-of-my-plate alignfull region grimlock-region grimlock-region--mt-0 grimlock-region--mb-0 grimlock-region--pt-4 grimlock-region--pb-4 grimlock-region--6-6-cols-left-boxed region--6-6-cols-left-boxed grimlock-region--container-classic region--container-classic grimlock-section section\" style=\"--grimlock-section-content-background-color:#7346f0;border-top-color:#eceeef;border-top-style:solid;border-top-width:0;border-bottom-color:#eceeef;border-bottom-style:solid;border-bottom-width:0;z-index:0;color:rgb(255, 255, 255);\"  >\n\t\t\t<div class=\"region__inner\" style=\"padding-top:4%;padding-bottom:4%;\">\n\t\t\t\t<div class=\"region__container\">\n\t\t\t\t\t<div class=\"region__row\">\n\t\t\t\t\t\t<div class=\"region__col region__col--1 \" >\n\t\t\t\t\t\t\t<div class=\"grimlock-reveal-element grimlock-reveal-element--thumbnail\" >\n\t\t\t\t\t\t\t\t            <div class=\"grimlock-section__thumbnail section__thumbnail\">\n                <img decoding=\"async\" class=\"grimlock-section__thumbnail-img section__thumbnail-img img-fluid\" src=\"https:\/\/sparkoh.be\/wp-content\/uploads\/2025\/02\/coulisse-de-mon-assiette.jpg\" alt=\"Smartphone et exp\u00e9rience r\u00e9alit\u00e9 augment\u00e9e SPARKOH!\" \/>\n\t            <div class=\"grimlock-section__thumbnail-shadow section__thumbnail-shadow\"  ><\/div>\n            <\/div><!-- .section__thumbnail -->\n\t\t\t\t\t\t\t\t\t\t<\/div>\n\t\t\t\t\t\t<\/div><!-- .region__col -->\n\t\t\t\t\t\t<div class=\"region__col region__col--2\" >\n\t\t\t\t\t\t\t<div class=\"grimlock-reveal-element grimlock-reveal-element--content\" >\n\t\t\t\t\t\t\t\t        <div class=\"grimlock-section__header section__header\" >\n\t        \n            <h2 class=\"grimlock-section__title section__title grimlock-display-3 display-3\" style=\"color:rgb(255, 255, 255);\">\n\t\t\t\tBehind the Scenes of My Plate            <\/h2>\n\t\t\t\t\t\t\t<h3 class=\"grimlock-section__subtitle section__subtitle grimlock-lead lead\" style=\"color:rgb(255, 255, 255);\">\n\t\t\t\t\tAn Augmented Reality Investigation Game\t\t\t\t<\/h3>\n\t\t\t\n\t        \n\t\t\t\t\t\t\t\t\t\t\n        <\/div><!-- .section__header -->\n\t\t        <div class=\"grimlock-section__content section__content\"  >\n\t\t\t\t\t\t<div class=\"grimlock-section__text section__text\">\n\t\t\t\t<p>Alert! An incident has occurred in one of our food processing plants! As an employee, you are our last hope! Put on your white coat and detective hat and investigate using augmented reality.<\/p>\n<p>Explore the production lines, question virtual employees, solve various challenges, and uncover the behind-the-scenes process of making four foods: waffles, apple juice, cheese, and bread, as well as an exploration of careers in the sector.<\/p>\n<p>Find this installation <b>on the wall of the OH!Resto!<\/b><\/p>\n\t\t\t<\/div>\n\t\t        <\/div><!-- .section__content -->\n\t\t\t\t<div class=\"grimlock-section__footer section__footer\">\n\t\t\t\t\t<\/div><!-- .section__footer -->\n\t\t\t\t\t\t\t\t\t<\/div>\n\t\t\t\t\t\t<\/div><!-- .region__col -->\n\t\t\t\t\t<\/div><!-- .region__row -->\n\t\t\t\t<\/div><!-- .region__container -->\n\n\t\t\t\t\t\t\t\t\t\t\t\t\t\n\t\t\t<\/div><!-- .region__inner -->\n\t\t\t<\/div><!-- .grimlock-section -->\n\t\t","protected":false},"excerpt":{"rendered":"","protected":false},"author":3,"featured_media":35967,"parent":0,"menu_order":0,"comment_status":"closed","ping_status":"closed","template":"template-full-width-narrower.php","meta":{"_acf_changed":false,"_monsterinsights_skip_tracking":false,"_monsterinsights_sitenote_active":false,"_monsterinsights_sitenote_note":"","_monsterinsights_sitenote_category":0,"footnotes":""},"class_list":["post-36796","page","type-page","status-publish","has-post-thumbnail","hentry"],"acf":[],"yoast_head":"<!-- This site is optimized with the Yoast SEO Premium plugin v25.0 (Yoast SEO v25.0) - https:\/\/yoast.com\/wordpress\/plugins\/seo\/ -->\n<title>Play areas &#8226; SPARKOH!<\/title>\n<meta name=\"description\" content=\"Acrobatic course, outdoor playground, interactive augmented reality experience... Ready to get your body moving in the play areas?\" \/>\n<meta name=\"robots\" content=\"index, follow, max-snippet:-1, max-image-preview:large, max-video-preview:-1\" \/>\n<link rel=\"canonical\" href=\"https:\/\/sparkoh.be\/en\/play-areas\/\" \/>\n<meta property=\"og:locale\" content=\"en_US\" \/>\n<meta property=\"og:type\" content=\"article\" \/>\n<meta property=\"og:title\" content=\"Play areas\" \/>\n<meta property=\"og:description\" content=\"Acrobatic course, outdoor playground, interactive augmented reality experience... Ready to get your body moving in the play areas?\" \/>\n<meta property=\"og:url\" content=\"https:\/\/sparkoh.be\/en\/play-areas\/\" \/>\n<meta property=\"og:site_name\" content=\"SPARKOH!\" \/>\n<meta property=\"article:publisher\" content=\"https:\/\/www.facebook.com\/SparkohBE\" \/>\n<meta property=\"article:modified_time\" content=\"2025-02-03T09:00:06+00:00\" \/>\n<meta property=\"og:image\" content=\"https:\/\/sparkoh.be\/wp-content\/uploads\/2021\/11\/photo-tunnel-arc-en-ciel-enfant-e1638187646671.jpeg\" \/>\n\t<meta property=\"og:image:width\" content=\"1920\" \/>\n\t<meta property=\"og:image:height\" content=\"1280\" \/>\n\t<meta property=\"og:image:type\" content=\"image\/jpeg\" \/>\n<meta name=\"twitter:card\" content=\"summary_large_image\" \/>\n<meta name=\"twitter:site\" content=\"@Sparkoh_be\" \/>\n<meta name=\"twitter:label1\" content=\"Est. reading time\" \/>\n\t<meta name=\"twitter:data1\" content=\"1 minute\" \/>\n<script type=\"application\/ld+json\" class=\"yoast-schema-graph\">{\"@context\":\"https:\/\/schema.org\",\"@graph\":[{\"@type\":\"WebPage\",\"@id\":\"https:\/\/sparkoh.be\/en\/play-areas\/\",\"url\":\"https:\/\/sparkoh.be\/en\/play-areas\/\",\"name\":\"Play areas &#8226; SPARKOH!\",\"isPartOf\":{\"@id\":\"https:\/\/sparkoh.be\/en\/#website\"},\"primaryImageOfPage\":{\"@id\":\"https:\/\/sparkoh.be\/en\/play-areas\/#primaryimage\"},\"image\":{\"@id\":\"https:\/\/sparkoh.be\/en\/play-areas\/#primaryimage\"},\"thumbnailUrl\":\"https:\/\/sparkoh.be\/wp-content\/uploads\/2021\/11\/photo-tunnel-arc-en-ciel-enfant-e1638187646671.jpeg\",\"datePublished\":\"2021-11-29T12:55:14+00:00\",\"dateModified\":\"2025-02-03T09:00:06+00:00\",\"description\":\"Acrobatic course, outdoor playground, interactive augmented reality experience... Ready to get your body moving in the play areas?\",\"breadcrumb\":{\"@id\":\"https:\/\/sparkoh.be\/en\/play-areas\/#breadcrumb\"},\"inLanguage\":\"en-US\",\"potentialAction\":[{\"@type\":\"ReadAction\",\"target\":[\"https:\/\/sparkoh.be\/en\/play-areas\/\"]}]},{\"@type\":\"ImageObject\",\"inLanguage\":\"en-US\",\"@id\":\"https:\/\/sparkoh.be\/en\/play-areas\/#primaryimage\",\"url\":\"https:\/\/sparkoh.be\/wp-content\/uploads\/2021\/11\/photo-tunnel-arc-en-ciel-enfant-e1638187646671.jpeg\",\"contentUrl\":\"https:\/\/sparkoh.be\/wp-content\/uploads\/2021\/11\/photo-tunnel-arc-en-ciel-enfant-e1638187646671.jpeg\",\"width\":1920,\"height\":1280,\"caption\":\"Photo du tunnel arc-en-ciel avec enfant\"},{\"@type\":\"BreadcrumbList\",\"@id\":\"https:\/\/sparkoh.be\/en\/play-areas\/#breadcrumb\",\"itemListElement\":[{\"@type\":\"ListItem\",\"position\":1,\"name\":\"Home\",\"item\":\"https:\/\/sparkoh.be\/en\/\"},{\"@type\":\"ListItem\",\"position\":2,\"name\":\"Play areas\"}]},{\"@type\":\"WebSite\",\"@id\":\"https:\/\/sparkoh.be\/en\/#website\",\"url\":\"https:\/\/sparkoh.be\/en\/\",\"name\":\"SPARKOH!\",\"description\":\"Vivez des &eacute;motions scientifiquement prouv&eacute;es\",\"publisher\":{\"@id\":\"https:\/\/sparkoh.be\/en\/#organization\"},\"potentialAction\":[{\"@type\":\"SearchAction\",\"target\":{\"@type\":\"EntryPoint\",\"urlTemplate\":\"https:\/\/sparkoh.be\/en\/?s={search_term_string}\"},\"query-input\":{\"@type\":\"PropertyValueSpecification\",\"valueRequired\":true,\"valueName\":\"search_term_string\"}}],\"inLanguage\":\"en-US\"},{\"@type\":\"Organization\",\"@id\":\"https:\/\/sparkoh.be\/en\/#organization\",\"name\":\"SPARKOH!\",\"url\":\"https:\/\/sparkoh.be\/en\/\",\"logo\":{\"@type\":\"ImageObject\",\"inLanguage\":\"en-US\",\"@id\":\"https:\/\/sparkoh.be\/en\/#\/schema\/logo\/image\/\",\"url\":\"https:\/\/sparkoh.be\/wp-content\/uploads\/2018\/04\/logo-inverse.jpg\",\"contentUrl\":\"https:\/\/sparkoh.be\/wp-content\/uploads\/2018\/04\/logo-inverse.jpg\",\"width\":1024,\"height\":1024,\"caption\":\"SPARKOH!\"},\"image\":{\"@id\":\"https:\/\/sparkoh.be\/en\/#\/schema\/logo\/image\/\"},\"sameAs\":[\"https:\/\/www.facebook.com\/SparkohBE\",\"https:\/\/x.com\/Sparkoh_be\",\"https:\/\/www.instagram.com\/sparkoh_BE\/\",\"https:\/\/www.linkedin.com\/company\/sparkoh\/\",\"https:\/\/www.youtube.com\/channel\/UC6JbdX33I9VvnOyfgrgXdvw\"]}]}<\/script>\n<!-- \/ Yoast SEO Premium plugin. -->","yoast_head_json":{"title":"Play areas &#8226; SPARKOH!","description":"Acrobatic course, outdoor playground, interactive augmented reality experience... Ready to get your body moving in the play areas?","robots":{"index":"index","follow":"follow","max-snippet":"max-snippet:-1","max-image-preview":"max-image-preview:large","max-video-preview":"max-video-preview:-1"},"canonical":"https:\/\/sparkoh.be\/en\/play-areas\/","og_locale":"en_US","og_type":"article","og_title":"Play areas","og_description":"Acrobatic course, outdoor playground, interactive augmented reality experience... Ready to get your body moving in the play areas?","og_url":"https:\/\/sparkoh.be\/en\/play-areas\/","og_site_name":"SPARKOH!","article_publisher":"https:\/\/www.facebook.com\/SparkohBE","article_modified_time":"2025-02-03T09:00:06+00:00","og_image":[{"width":1920,"height":1280,"url":"https:\/\/sparkoh.be\/wp-content\/uploads\/2021\/11\/photo-tunnel-arc-en-ciel-enfant-e1638187646671.jpeg","type":"image\/jpeg"}],"twitter_card":"summary_large_image","twitter_site":"@Sparkoh_be","twitter_misc":{"Est. reading time":"1 minute"},"schema":{"@context":"https:\/\/schema.org","@graph":[{"@type":"WebPage","@id":"https:\/\/sparkoh.be\/en\/play-areas\/","url":"https:\/\/sparkoh.be\/en\/play-areas\/","name":"Play areas &#8226; SPARKOH!","isPartOf":{"@id":"https:\/\/sparkoh.be\/en\/#website"},"primaryImageOfPage":{"@id":"https:\/\/sparkoh.be\/en\/play-areas\/#primaryimage"},"image":{"@id":"https:\/\/sparkoh.be\/en\/play-areas\/#primaryimage"},"thumbnailUrl":"https:\/\/sparkoh.be\/wp-content\/uploads\/2021\/11\/photo-tunnel-arc-en-ciel-enfant-e1638187646671.jpeg","datePublished":"2021-11-29T12:55:14+00:00","dateModified":"2025-02-03T09:00:06+00:00","description":"Acrobatic course, outdoor playground, interactive augmented reality experience... Ready to get your body moving in the play areas?","breadcrumb":{"@id":"https:\/\/sparkoh.be\/en\/play-areas\/#breadcrumb"},"inLanguage":"en-US","potentialAction":[{"@type":"ReadAction","target":["https:\/\/sparkoh.be\/en\/play-areas\/"]}]},{"@type":"ImageObject","inLanguage":"en-US","@id":"https:\/\/sparkoh.be\/en\/play-areas\/#primaryimage","url":"https:\/\/sparkoh.be\/wp-content\/uploads\/2021\/11\/photo-tunnel-arc-en-ciel-enfant-e1638187646671.jpeg","contentUrl":"https:\/\/sparkoh.be\/wp-content\/uploads\/2021\/11\/photo-tunnel-arc-en-ciel-enfant-e1638187646671.jpeg","width":1920,"height":1280,"caption":"Photo du tunnel arc-en-ciel avec enfant"},{"@type":"BreadcrumbList","@id":"https:\/\/sparkoh.be\/en\/play-areas\/#breadcrumb","itemListElement":[{"@type":"ListItem","position":1,"name":"Home","item":"https:\/\/sparkoh.be\/en\/"},{"@type":"ListItem","position":2,"name":"Play areas"}]},{"@type":"WebSite","@id":"https:\/\/sparkoh.be\/en\/#website","url":"https:\/\/sparkoh.be\/en\/","name":"SPARKOH!","description":"Vivez des &eacute;motions scientifiquement prouv&eacute;es","publisher":{"@id":"https:\/\/sparkoh.be\/en\/#organization"},"potentialAction":[{"@type":"SearchAction","target":{"@type":"EntryPoint","urlTemplate":"https:\/\/sparkoh.be\/en\/?s={search_term_string}"},"query-input":{"@type":"PropertyValueSpecification","valueRequired":true,"valueName":"search_term_string"}}],"inLanguage":"en-US"},{"@type":"Organization","@id":"https:\/\/sparkoh.be\/en\/#organization","name":"SPARKOH!","url":"https:\/\/sparkoh.be\/en\/","logo":{"@type":"ImageObject","inLanguage":"en-US","@id":"https:\/\/sparkoh.be\/en\/#\/schema\/logo\/image\/","url":"https:\/\/sparkoh.be\/wp-content\/uploads\/2018\/04\/logo-inverse.jpg","contentUrl":"https:\/\/sparkoh.be\/wp-content\/uploads\/2018\/04\/logo-inverse.jpg","width":1024,"height":1024,"caption":"SPARKOH!"},"image":{"@id":"https:\/\/sparkoh.be\/en\/#\/schema\/logo\/image\/"},"sameAs":["https:\/\/www.facebook.com\/SparkohBE","https:\/\/x.com\/Sparkoh_be","https:\/\/www.instagram.com\/sparkoh_BE\/","https:\/\/www.linkedin.com\/company\/sparkoh\/","https:\/\/www.youtube.com\/channel\/UC6JbdX33I9VvnOyfgrgXdvw"]}]}},"_links":{"self":[{"href":"https:\/\/sparkoh.be\/en\/wp-json\/wp\/v2\/pages\/36796","targetHints":{"allow":["GET"]}}],"collection":[{"href":"https:\/\/sparkoh.be\/en\/wp-json\/wp\/v2\/pages"}],"about":[{"href":"https:\/\/sparkoh.be\/en\/wp-json\/wp\/v2\/types\/page"}],"author":[{"embeddable":true,"href":"https:\/\/sparkoh.be\/en\/wp-json\/wp\/v2\/users\/3"}],"replies":[{"embeddable":true,"href":"https:\/\/sparkoh.be\/en\/wp-json\/wp\/v2\/comments?post=36796"}],"version-history":[{"count":11,"href":"https:\/\/sparkoh.be\/en\/wp-json\/wp\/v2\/pages\/36796\/revisions"}],"predecessor-version":[{"id":53487,"href":"https:\/\/sparkoh.be\/en\/wp-json\/wp\/v2\/pages\/36796\/revisions\/53487"}],"wp:featuredmedia":[{"embeddable":true,"href":"https:\/\/sparkoh.be\/en\/wp-json\/wp\/v2\/media\/35967"}],"wp:attachment":[{"href":"https:\/\/sparkoh.be\/en\/wp-json\/wp\/v2\/media?parent=36796"}],"curies":[{"name":"wp","href":"https:\/\/api.w.org\/{rel}","templated":true}]}}